{"id":521,"date":"2025-11-12T08:09:50","date_gmt":"2025-11-12T08:09:50","guid":{"rendered":"http:\/\/biographe-provence.fr\/?page_id=521"},"modified":"2026-03-06T13:54:11","modified_gmt":"2026-03-06T13:54:11","slug":"ma-methodologie-2","status":"publish","type":"page","link":"https:\/\/biographe-provence.fr\/index.php\/ma-methodologie-2\/","title":{"rendered":"Ma M\u00e9thodologie"},"content":{"rendered":"\n<h2 class=\"wp-block-heading\"><strong><mark style=\"background-color:rgba(0, 0, 0, 0)\" class=\"has-inline-color has-pale-cyan-blue-color\">Le chemin emprunt\u00e9<\/mark><\/strong><\/h2>\n\n\n\n<div class=\"wp-block-media-text is-stacked-on-mobile\"><figure class=\"wp-block-media-text__media\"><img loading=\"lazy\" decoding=\"async\" width=\"1024\" height=\"570\" src=\"http:\/\/biographe-provence.fr\/wp-content\/uploads\/2025\/09\/tea-2902987_1280-1024x570.jpg\" alt=\"\" class=\"wp-image-99 size-full\" srcset=\"https:\/\/biographe-provence.fr\/wp-content\/uploads\/2025\/09\/tea-2902987_1280-1024x570.jpg 1024w, https:\/\/biographe-provence.fr\/wp-content\/uploads\/2025\/09\/tea-2902987_1280-300x167.jpg 300w, https:\/\/biographe-provence.fr\/wp-content\/uploads\/2025\/09\/tea-2902987_1280-768x427.jpg 768w, https:\/\/biographe-provence.fr\/wp-content\/uploads\/2025\/09\/tea-2902987_1280.jpg 1280w\" sizes=\"auto, (max-width: 767px) 89vw, (max-width: 1000px) 54vw, (max-width: 1071px) 543px, 580px\" \/><\/figure><div class=\"wp-block-media-text__content\">\n<p class=\"has-text-align-center\">Je me consacre pleinement \u00e0 mon activit\u00e9 de <strong><mark style=\"background-color:rgba(0, 0, 0, 0);color:#e9f701\" class=\"has-inline-color\">biographe<\/mark><\/strong>.&nbsp;Les prestations que je propose sont de qualit\u00e9 : j&rsquo;accorde une grande importance \u00e0 la <strong><mark style=\"background-color:rgba(0, 0, 0, 0)\" class=\"has-inline-color has-pale-cyan-blue-color\">rencontre<\/mark><\/strong> entre vous et moi, pour collaborer il nous faut avoir un certain \u00ab\u00a0feeling\u00a0\u00bb. <\/p>\n<\/div><\/div>\n\n\n\n<p class=\"has-text-align-center\">Je m&rsquo;engage dans une collaboration emprunte de chaleur, d\u2019attention, de spontan\u00e9it\u00e9, d\u2019humilit\u00e9, de transparence, de douceur et de joie.&nbsp;<\/p>\n\n\n\n<div class=\"wp-block-media-text has-media-on-the-right is-stacked-on-mobile\" style=\"grid-template-columns:auto 21%\"><div class=\"wp-block-media-text__content\">\n<p class=\"has-text-align-center\">Je suis une femme dynamique et spontan\u00e9e, \u00e0 l\u2019aise dans la <strong><mark style=\"background-color:rgba(0, 0, 0, 0);color:#e9f701\" class=\"has-inline-color\">relation<\/mark><\/strong> humaine. Ma personnalit\u00e9 et mon exp\u00e9rience d\u2019\u00e9ducatrice sp\u00e9cialis\u00e9e font de moi quelqu\u2019un de fiable, dou\u00e9e pour <strong><mark style=\"background-color:rgba(0, 0, 0, 0)\" class=\"has-inline-color has-pale-cyan-blue-color\">\u00e9couter<\/mark><\/strong>, pour accompagner et pour amener un petit grain de folie \u00e0 la vie.<\/p>\n<\/div><figure class=\"wp-block-media-text__media\"><img loading=\"lazy\" decoding=\"async\" width=\"945\" height=\"946\" src=\"http:\/\/biographe-provence.fr\/wp-content\/uploads\/2025\/09\/portrait-moi-edited.jpg\" alt=\"\" class=\"wp-image-307 size-full\" srcset=\"https:\/\/biographe-provence.fr\/wp-content\/uploads\/2025\/09\/portrait-moi-edited.jpg 945w, https:\/\/biographe-provence.fr\/wp-content\/uploads\/2025\/09\/portrait-moi-edited-300x300.jpg 300w, https:\/\/biographe-provence.fr\/wp-content\/uploads\/2025\/09\/portrait-moi-edited-150x150.jpg 150w, https:\/\/biographe-provence.fr\/wp-content\/uploads\/2025\/09\/portrait-moi-edited-768x769.jpg 768w, https:\/\/biographe-provence.fr\/wp-content\/uploads\/2025\/09\/portrait-moi-edited-100x100.jpg 100w\" sizes=\"auto, (max-width: 767px) 89vw, (max-width: 1000px) 54vw, (max-width: 1071px) 543px, 580px\" \/><\/figure><\/div>\n\n\n\n<p><strong><em><mark style=\"background-color:rgba(0, 0, 0, 0);color:#e9f701\" class=\"has-inline-color\">Concr\u00e8tement<\/mark><\/em><\/strong> <\/p>\n\n\n\n<p>Dans un premier temps, nous <strong><a href=\"http:\/\/biographe-provence.fr\/index.php\/me-contacter\/\" data-type=\"page\" data-id=\"295\"><mark style=\"background-color:rgba(0, 0, 0, 0)\" class=\"has-inline-color has-pale-cyan-blue-color\">\u00e9changeons<\/mark><\/a><\/strong>, vous me parlez de votre <strong><mark style=\"background-color:rgba(0, 0, 0, 0);color:#e9f701\" class=\"has-inline-color\">projet<\/mark><\/strong>, de vos attentes et je me pr\u00e9sente \u00e0 vous. Nous tentons de d\u00e9finir les contours de votre demande, pour se donner une direction. Je vous envoie un devis auquel je joins le r\u00e9capitulatif des modalit\u00e9s de notre collaboration. Vous les \u00e9tudiez. Nous prenons, ensuite, la d\u00e9cision de travailler ensemble ! \ud83d\ude09<\/p>\n\n\n\n<p class=\"has-text-align-right\">Je vous propose, alors, des entretiens d&rsquo;1h \u00e0 2h, \u00e0 votre convenance. Les pr\u00e9voir de mani\u00e8re r\u00e9guli\u00e8re assure une continuit\u00e9. L&rsquo;intervalle de deux \u00e0 trois semaines, maximum, me semble adapt\u00e9. Tout est modulable et \u00e0 construire ensemble, j&rsquo;\u00e9voque ici une base vous permettant de vous projeter plus concr\u00e8tement.<\/p>\n\n\n\n<p>Durant ceux-ci, je vous <strong><mark style=\"background-color:rgba(0, 0, 0, 0)\" class=\"has-inline-color has-pale-cyan-blue-color\">\u00e9coute<\/mark><\/strong>, je prends des notes, je vous interroge parfois, et si vous \u00eates d&rsquo;accord je vous enregistre, pour ne rien oublier lorsque j&rsquo;<strong><mark style=\"background-color:rgba(0, 0, 0, 0);color:#e9f701\" class=\"has-inline-color\">\u00e9crirai<\/mark><\/strong>.<\/p>\n\n\n\n<div class=\"wp-block-media-text is-stacked-on-mobile\"><figure class=\"wp-block-media-text__media\"><img loading=\"lazy\" decoding=\"async\" width=\"1024\" height=\"1024\" src=\"http:\/\/biographe-provence.fr\/wp-content\/uploads\/2025\/09\/ai-generated-8738968_1280-1024x1024.png\" alt=\"\" class=\"wp-image-97 size-full\" srcset=\"https:\/\/biographe-provence.fr\/wp-content\/uploads\/2025\/09\/ai-generated-8738968_1280-1024x1024.png 1024w, https:\/\/biographe-provence.fr\/wp-content\/uploads\/2025\/09\/ai-generated-8738968_1280-300x300.png 300w, https:\/\/biographe-provence.fr\/wp-content\/uploads\/2025\/09\/ai-generated-8738968_1280-150x150.png 150w, https:\/\/biographe-provence.fr\/wp-content\/uploads\/2025\/09\/ai-generated-8738968_1280-768x768.png 768w, https:\/\/biographe-provence.fr\/wp-content\/uploads\/2025\/09\/ai-generated-8738968_1280-100x100.png 100w, https:\/\/biographe-provence.fr\/wp-content\/uploads\/2025\/09\/ai-generated-8738968_1280.png 1280w\" sizes=\"auto, (max-width: 767px) 89vw, (max-width: 1000px) 54vw, (max-width: 1071px) 543px, 580px\" \/><\/figure><div class=\"wp-block-media-text__content\">\n<p class=\"has-text-align-center\">Votre mission est alors de <strong><mark style=\"background-color:rgba(0, 0, 0, 0)\" class=\"has-inline-color has-pale-cyan-blue-color\">raconter<\/mark><\/strong>, de vous livrer, la mienne de saisir la force de vos <strong><mark style=\"background-color:rgba(0, 0, 0, 0);color:#e9f701\" class=\"has-inline-color\">mots<\/mark><\/strong> et de vos silences. Nos rencontres se d\u00e9roulent o\u00f9 vous voulez, j&rsquo;ai une pr\u00e9f\u00e9rence pour votre domicile, davantage propice \u00e0 \u00e9veiller vos <strong><mark style=\"background-color:rgba(0, 0, 0, 0)\" class=\"has-inline-color has-pale-cyan-blue-color\">souvenirs<\/mark><\/strong>. C&rsquo;est vous qui d\u00e9cidez, vous devez simplement vous sentir bien \u00e0 cet endroit.<\/p>\n<\/div><\/div>\n\n\n\n<p class=\"has-text-align-center\">Entre chaque entretien, je vous donne \u00e0 lire mes <strong><mark style=\"background-color:rgba(0, 0, 0, 0);color:#e9f701\" class=\"has-inline-color\">\u00e9crits<\/mark><\/strong>, nous ajustons le <strong><mark style=\"background-color:rgba(0, 0, 0, 0)\" class=\"has-inline-color has-pale-cyan-blue-color\">texte<\/mark><\/strong> si besoin. C&rsquo;est toujours vous qui avez le dernier <strong><mark style=\"background-color:rgba(0, 0, 0, 0);color:#e9f701\" class=\"has-inline-color\">mot<\/mark><\/strong>. Nous nous mettons d&rsquo;accord sur un nombre d&rsquo;\u00e9change au sujet des corrections ( je soumets habituellement deux aller-retours maximum ).<\/p>\n\n\n\n<p class=\"has-text-align-right\">L&rsquo;<strong><mark style=\"background-color:rgba(0, 0, 0, 0)\" class=\"has-inline-color has-pale-cyan-blue-color\">\u00e9criture<\/mark><\/strong> d&rsquo;une <strong><mark style=\"background-color:rgba(0, 0, 0, 0);color:#e9f701\" class=\"has-inline-color\">biographie<\/mark><\/strong> est un processus. Je vous expose un cadre qui d\u00e9limite les contours et vous donne un ordre d&rsquo;id\u00e9es. Nous d\u00e9finirons <strong><mark style=\"background-color:rgba(0, 0, 0, 0)\" class=\"has-inline-color has-pale-cyan-blue-color\">ensemble<\/mark><\/strong> ce qui vous correspond.<\/p>\n\n\n\n<p><\/p>\n\n\n\n<p><strong><em><mark style=\"background-color:rgba(0, 0, 0, 0);color:#e9f701\" class=\"has-inline-color\">Pour pr\u00e9ciser<\/mark><\/em><\/strong><\/p>\n\n\n\n<p>J&rsquo;aborde le travail d&rsquo;<strong><mark style=\"background-color:rgba(0, 0, 0, 0)\" class=\"has-inline-color has-pale-cyan-blue-color\">\u00e9criture<\/mark><\/strong> rigoureusement, je me concentre sur un <strong><mark style=\"background-color:rgba(0, 0, 0, 0);color:#e9f701\" class=\"has-inline-color\">vocabulaire<\/mark><\/strong> qui permette de <strong><mark style=\"background-color:rgba(0, 0, 0, 0)\" class=\"has-inline-color has-pale-cyan-blue-color\">transmettre<\/mark><\/strong> votre voix et sur un style fluide et accessible pour donner vie \u00e0 votre <strong><mark style=\"background-color:rgba(0, 0, 0, 0);color:#e9f701\" class=\"has-inline-color\">histoire<\/mark><\/strong> et que l&rsquo;on vous reconnaisse \u00e0 travers notre <strong><mark style=\"background-color:rgba(0, 0, 0, 0)\" class=\"has-inline-color has-pale-cyan-blue-color\">\u0153uvre<\/mark><\/strong>.&nbsp;<\/p>\n\n\n\n<p class=\"has-text-align-center\">Nous sommes <strong><a href=\"http:\/\/biographe-provence.fr\/index.php\/doits-dauteur\/\" data-type=\"page\" data-id=\"434\">co-auteurs<\/a><\/strong>.<\/p>\n\n\n\n<p class=\"has-text-align-center\">Cet engagement prend du temps. 1h d&rsquo;entretien avec vous, me demande 4h de travail de <strong><mark style=\"background-color:rgba(0, 0, 0, 0);color:#e9f701\" class=\"has-inline-color\">r\u00e9daction<\/mark><\/strong>. Pour <strong><mark style=\"background-color:rgba(0, 0, 0, 0)\" class=\"has-inline-color has-pale-cyan-blue-color\">\u00e9crire<\/mark><\/strong> le <a href=\"http:\/\/biographe-provence.fr\/index.php\/biographie-familiale\/\" data-type=\"page\" data-id=\"180\">livre de votre vie<\/a>, il faut compter entre 10 et 20 entretiens d&rsquo;1h, selon si vous \u00eates loquace ou plut\u00f4t r\u00e9serv\u00e9.<\/p>\n\n\n\n<p class=\"has-text-align-right\">Mon tarif horaire s&rsquo;\u00e9l\u00e8ve \u00e0 50 euros de l&rsquo;heure. Chaque s\u00e9ance est payable \u00e0 l&rsquo;avance afin de marquer notre <strong><mark style=\"background-color:rgba(0, 0, 0, 0);color:#e9f701\" class=\"has-inline-color\">engagement<\/mark><\/strong> mutuel et de se concentrer, lors des entretiens, sur vous et votre <strong><mark style=\"background-color:rgba(0, 0, 0, 0)\" class=\"has-inline-color has-pale-cyan-blue-color\">r\u00e9cit<\/mark><\/strong>.<\/p>\n\n\n\n<figure class=\"wp-block-image size-large\"><img loading=\"lazy\" decoding=\"async\" width=\"1024\" height=\"682\" src=\"http:\/\/biographe-provence.fr\/wp-content\/uploads\/2025\/09\/book-1283468_1280-1024x682.jpg\" alt=\"\" class=\"wp-image-101\" srcset=\"https:\/\/biographe-provence.fr\/wp-content\/uploads\/2025\/09\/book-1283468_1280-1024x682.jpg 1024w, https:\/\/biographe-provence.fr\/wp-content\/uploads\/2025\/09\/book-1283468_1280-300x200.jpg 300w, https:\/\/biographe-provence.fr\/wp-content\/uploads\/2025\/09\/book-1283468_1280-768x512.jpg 768w, https:\/\/biographe-provence.fr\/wp-content\/uploads\/2025\/09\/book-1283468_1280.jpg 1280w\" sizes=\"auto, (max-width: 767px) 89vw, (max-width: 1000px) 54vw, (max-width: 1071px) 543px, 580px\" \/><\/figure>\n\n\n\n<p class=\"has-text-align-center\">Je m&rsquo;engage \u00e0 vous remettre un <strong><mark style=\"background-color:rgba(0, 0, 0, 0);color:#e9f701\" class=\"has-inline-color\">ouvrage<\/mark><\/strong> dans lequel chaque <strong><mark style=\"background-color:rgba(0, 0, 0, 0)\" class=\"has-inline-color has-pale-cyan-blue-color\">mot<\/mark><\/strong> est choisi pour porter votre <strong><mark style=\"background-color:rgba(0, 0, 0, 0);color:#e9f701\" class=\"has-inline-color\">voix<\/mark><\/strong>. A la fin de notre collaboration, je vous mets en contact avec un imprimeur, avec lequel vous g\u00e9rez en direct le processus d&rsquo;impression. Les frais d&rsquo;impression sont \u00e0 pr\u00e9voir, ils ne font pas partis de ma prestation.<\/p>\n\n\n\n<p class=\"has-text-align-center\">S&rsquo;agissant de l&rsquo;\u00e9dition,.. C&rsquo;est une question qui vous appartient pleinement. Je ne travaille pas dans ce monde. Je ne peux pas m&rsquo;engager sur la publication de votre <strong><mark style=\"background-color:rgba(0, 0, 0, 0)\" class=\"has-inline-color has-pale-cyan-blue-color\">livre<\/mark><\/strong> chez un \u00e9diteur. N\u00e9anmoins, je peux vous orienter.<\/p>\n\n\n\n<p><\/p>\n","protected":false},"excerpt":{"rendered":"<p>Le chemin emprunt\u00e9 Je me consacre pleinement \u00e0 mon activit\u00e9 de biographe.&nbsp;Les prestations que je propose sont de qualit\u00e9 : j&rsquo;accorde une grande importance \u00e0 la rencontre entre vous et moi, pour collaborer il nous faut avoir un certain \u00ab\u00a0feeling\u00a0\u00bb. Je m&rsquo;engage dans une collaboration emprunte de chaleur, d\u2019attention, de spontan\u00e9it\u00e9, d\u2019humilit\u00e9, de transparence, de &hellip; <\/p>\n<p class=\"link-more\"><a href=\"https:\/\/biographe-provence.fr\/index.php\/ma-methodologie-2\/\" class=\"more-link\">Continuer la lecture<span class=\"screen-reader-text\"> de &laquo;&nbsp;Ma M\u00e9thodologie&nbsp;&raquo;<\/span><\/a><\/p>\n","protected":false},"author":1,"featured_media":0,"parent":0,"menu_order":0,"comment_status":"closed","ping_status":"closed","template":"","meta":{"footnotes":""},"class_list":["post-521","page","type-page","status-publish","hentry"],"_links":{"self":[{"href":"https:\/\/biographe-provence.fr\/index.php\/wp-json\/wp\/v2\/pages\/521","targetHints":{"allow":["GET"]}}],"collection":[{"href":"https:\/\/biographe-provence.fr\/index.php\/wp-json\/wp\/v2\/pages"}],"about":[{"href":"https:\/\/biographe-provence.fr\/index.php\/wp-json\/wp\/v2\/types\/page"}],"author":[{"embeddable":true,"href":"https:\/\/biographe-provence.fr\/index.php\/wp-json\/wp\/v2\/users\/1"}],"replies":[{"embeddable":true,"href":"https:\/\/biographe-provence.fr\/index.php\/wp-json\/wp\/v2\/comments?post=521"}],"version-history":[{"count":8,"href":"https:\/\/biographe-provence.fr\/index.php\/wp-json\/wp\/v2\/pages\/521\/revisions"}],"predecessor-version":[{"id":587,"href":"https:\/\/biographe-provence.fr\/index.php\/wp-json\/wp\/v2\/pages\/521\/revisions\/587"}],"wp:attachment":[{"href":"https:\/\/biographe-provence.fr\/index.php\/wp-json\/wp\/v2\/media?parent=521"}],"curies":[{"name":"wp","href":"https:\/\/api.w.org\/{rel}","templated":true}]}}