{"id":518,"date":"2025-11-12T08:08:40","date_gmt":"2025-11-12T08:08:40","guid":{"rendered":"http:\/\/biographe-provence.fr\/?page_id=518"},"modified":"2025-11-12T22:20:47","modified_gmt":"2025-11-12T22:20:47","slug":"mes-clients","status":"publish","type":"page","link":"https:\/\/biographe-provence.fr\/index.php\/mes-clients\/","title":{"rendered":"Mes Clients"},"content":{"rendered":"\n<h2 class=\"wp-block-heading\"><strong><mark style=\"background-color:rgba(0, 0, 0, 0)\" class=\"has-inline-color has-pale-cyan-blue-color\">Les voix que j&rsquo;\u00e9coute<\/mark><\/strong><\/h2>\n\n\n\n<div class=\"wp-block-media-text is-stacked-on-mobile\"><figure class=\"wp-block-media-text__media\"><a href=\"http:\/\/biographe-provence.fr\/index.php\/biographie-familiale\/\"><img loading=\"lazy\" decoding=\"async\" width=\"1024\" height=\"768\" src=\"http:\/\/biographe-provence.fr\/wp-content\/uploads\/2025\/11\/1000041805-1024x768.png\" alt=\"\" class=\"wp-image-534 size-full\" srcset=\"https:\/\/biographe-provence.fr\/wp-content\/uploads\/2025\/11\/1000041805-1024x768.png 1024w, https:\/\/biographe-provence.fr\/wp-content\/uploads\/2025\/11\/1000041805-300x225.png 300w, https:\/\/biographe-provence.fr\/wp-content\/uploads\/2025\/11\/1000041805-768x576.png 768w, https:\/\/biographe-provence.fr\/wp-content\/uploads\/2025\/11\/1000041805-1536x1152.png 1536w, https:\/\/biographe-provence.fr\/wp-content\/uploads\/2025\/11\/1000041805.png 1920w\" sizes=\"auto, (max-width: 767px) 89vw, (max-width: 1000px) 54vw, (max-width: 1071px) 543px, 580px\" \/><\/a><\/figure><div class=\"wp-block-media-text__content\">\n<p class=\"has-text-align-center\">Mon travail s&rsquo;adresse \u00e0 vous qui souhaitez offrir un<strong><mark style=\"background-color:rgba(0, 0, 0, 0)\" class=\"has-inline-color has-pale-cyan-blue-color\"> <\/mark><a href=\"http:\/\/biographe-provence.fr\/index.php\/biographie-familiale\/\" data-type=\"page\" data-id=\"180\"><mark style=\"background-color:rgba(0, 0, 0, 0)\" class=\"has-inline-color has-pale-cyan-blue-color\">livre de vie<\/mark><\/a><\/strong> \u00e0 un de vos proches, \u00e0 mon sens, un des beaux plus cadeaux que l&rsquo;on puisse partager avec un \u00eatre cher. Pour toujours avoir la <strong><mark style=\"background-color:rgba(0, 0, 0, 0);color:#e9f701\" class=\"has-inline-color\">trace<\/mark><\/strong> de son chemin.<\/p>\n<\/div><\/div>\n\n\n\n<div class=\"wp-block-media-text has-media-on-the-right is-stacked-on-mobile\"><div class=\"wp-block-media-text__content\">\n<p class=\"has-text-align-center\">A vous, qui vous interrogez sur l&rsquo;<strong><mark style=\"background-color:rgba(0, 0, 0, 0)\" class=\"has-inline-color has-pale-cyan-blue-color\">\u00e9criture<\/mark><\/strong> de votre <strong><a href=\"http:\/\/biographe-provence.fr\/index.php\/biographie-familiale\/\" data-type=\"page\" data-id=\"180\"><mark style=\"background-color:rgba(0, 0, 0, 0);color:#e9f701\" class=\"has-inline-color\">biographie<\/mark><\/a><\/strong>, je vous dis oui ! C&rsquo;est un tr\u00e9sor extraordinaire que vous laissez \u00e0 votre <strong><mark style=\"background-color:rgba(0, 0, 0, 0)\" class=\"has-inline-color has-pale-cyan-blue-color\">famille<\/mark><\/strong> : raconter votre <strong><mark style=\"background-color:rgba(0, 0, 0, 0);color:#e9f701\" class=\"has-inline-color\">histoire<\/mark><\/strong> pour partager et transmettre votre exp\u00e9rience de vie.<\/p>\n<\/div><figure class=\"wp-block-media-text__media\"><a href=\"http:\/\/biographe-provence.fr\/index.php\/biographie-familiale\/\"><img loading=\"lazy\" decoding=\"async\" width=\"1024\" height=\"683\" src=\"http:\/\/biographe-provence.fr\/wp-content\/uploads\/2025\/09\/coffee-2306471_1280-4-1024x683.jpg\" alt=\"\" class=\"wp-image-316 size-full\" srcset=\"https:\/\/biographe-provence.fr\/wp-content\/uploads\/2025\/09\/coffee-2306471_1280-4-1024x683.jpg 1024w, https:\/\/biographe-provence.fr\/wp-content\/uploads\/2025\/09\/coffee-2306471_1280-4-300x200.jpg 300w, https:\/\/biographe-provence.fr\/wp-content\/uploads\/2025\/09\/coffee-2306471_1280-4-768x512.jpg 768w, https:\/\/biographe-provence.fr\/wp-content\/uploads\/2025\/09\/coffee-2306471_1280-4.jpg 1280w\" sizes=\"auto, (max-width: 767px) 89vw, (max-width: 1000px) 54vw, (max-width: 1071px) 543px, 580px\" \/><\/a><\/figure><\/div>\n\n\n\n<div class=\"wp-block-media-text is-stacked-on-mobile\"><figure class=\"wp-block-media-text__media\"><a href=\"http:\/\/biographe-provence.fr\/index.php\/livre-despoir\/\"><img loading=\"lazy\" decoding=\"async\" width=\"1024\" height=\"681\" src=\"http:\/\/biographe-provence.fr\/wp-content\/uploads\/2025\/09\/book-1283865_1280-2-1024x681.jpg\" alt=\"\" class=\"wp-image-217 size-full\" srcset=\"https:\/\/biographe-provence.fr\/wp-content\/uploads\/2025\/09\/book-1283865_1280-2-1024x681.jpg 1024w, https:\/\/biographe-provence.fr\/wp-content\/uploads\/2025\/09\/book-1283865_1280-2-300x199.jpg 300w, https:\/\/biographe-provence.fr\/wp-content\/uploads\/2025\/09\/book-1283865_1280-2-768x511.jpg 768w, https:\/\/biographe-provence.fr\/wp-content\/uploads\/2025\/09\/book-1283865_1280-2.jpg 1280w\" sizes=\"auto, (max-width: 767px) 89vw, (max-width: 1000px) 54vw, (max-width: 1071px) 543px, 580px\" \/><\/a><\/figure><div class=\"wp-block-media-text__content\">\n<p class=\"has-text-align-center\">Je propose \u00e9galement d&rsquo;<strong><mark style=\"background-color:rgba(0, 0, 0, 0)\" class=\"has-inline-color has-pale-cyan-blue-color\">\u00e9crire<\/mark><\/strong> pour vous, qui voulez <a href=\"http:\/\/biographe-provence.fr\/index.php\/livre-despoir\/\" data-type=\"page\" data-id=\"182\"><strong><mark style=\"background-color:rgba(0, 0, 0, 0);color:#e9f701\" class=\"has-inline-color\">t\u00e9moigner<\/mark><\/strong> d&rsquo;une \u00e9preuve<\/a>, quelle qu&rsquo;elle soit, pour donner de l&rsquo;espoir, d\u00e9noncer, ou simplement tenter de tourner la <strong><mark style=\"background-color:rgba(0, 0, 0, 0)\" class=\"has-inline-color has-pale-cyan-blue-color\">page<\/mark><\/strong>. <\/p>\n<\/div><\/div>\n\n\n\n<p class=\"has-text-align-right\">Mon objectif est de vous pr\u00eater ma <strong><mark style=\"background-color:rgba(0, 0, 0, 0);color:#e9f701\" class=\"has-inline-color\">plume<\/mark><\/strong>, pas de vous gu\u00e9rir, n\u00e9anmoins je crois fort en le pouvoir des <strong><mark style=\"background-color:rgba(0, 0, 0, 0)\" class=\"has-inline-color has-pale-cyan-blue-color\">mots<\/mark><\/strong>.<\/p>\n\n\n\n<p><\/p>\n\n\n\n<p>Mon exp\u00e9rience d&rsquo;\u00e9ducatrice sp\u00e9cialis\u00e9e, notamment au sein de la protection de l&rsquo;enfance, m&rsquo;a naturellement emmen\u00e9 vers un <a href=\"http:\/\/biographe-provence.fr\/index.php\/protection-de-lenfance\/\" data-type=\"page\" data-id=\"184\"><strong><mark style=\"background-color:rgba(0, 0, 0, 0);color:#e9f701\" class=\"has-inline-color\">chemin de vie<\/mark><\/strong><\/a> :<\/p>\n\n\n\n<div class=\"wp-block-media-text has-media-on-the-right is-stacked-on-mobile\"><div class=\"wp-block-media-text__content\">\n<p class=\"has-text-align-center\"> une prestation \u00e0 destination de vous, enfants, familles qui avez \u00e9t\u00e9 accompagn\u00e9s par les services de la protection de l&rsquo;enfance ; ainsi qu&rsquo;\u00e0 vous, chers anciens coll\u00e8gues qui y avez travaill\u00e9, y travaillez encore, pour que chacun de vous puisse dire sa <strong><mark style=\"background-color:rgba(0, 0, 0, 0)\" class=\"has-inline-color has-pale-cyan-blue-color\">v\u00e9rit\u00e9<\/mark><\/strong>.<\/p>\n<\/div><figure class=\"wp-block-media-text__media\"><a href=\"http:\/\/biographe-provence.fr\/index.php\/protection-de-lenfance\/\"><img loading=\"lazy\" decoding=\"async\" width=\"1024\" height=\"682\" src=\"http:\/\/biographe-provence.fr\/wp-content\/uploads\/2025\/09\/pexels-photo-123024-123024-1024x682.jpg\" alt=\"\" class=\"wp-image-201 size-full\" srcset=\"https:\/\/biographe-provence.fr\/wp-content\/uploads\/2025\/09\/pexels-photo-123024-123024-1024x682.jpg 1024w, https:\/\/biographe-provence.fr\/wp-content\/uploads\/2025\/09\/pexels-photo-123024-123024-300x200.jpg 300w, https:\/\/biographe-provence.fr\/wp-content\/uploads\/2025\/09\/pexels-photo-123024-123024-768x511.jpg 768w\" sizes=\"auto, (max-width: 767px) 89vw, (max-width: 1000px) 54vw, (max-width: 1071px) 543px, 580px\" \/><\/a><\/figure><\/div>\n\n\n\n<p><\/p>\n\n\n\n<p class=\"has-text-align-center\">Si vous avez un autre profil, ma porte est ouverte, <a href=\"http:\/\/biographe-provence.fr\/index.php\/me-contacter\/\" data-type=\"page\" data-id=\"295\">\u00e9changeons<\/a>. C&rsquo;est la <strong><mark style=\"background-color:rgba(0, 0, 0, 0);color:#e9f701\" class=\"has-inline-color\">rencontre<\/mark><\/strong> entre vous et moi, qui \u00e9crit la premi\u00e8re <strong><mark style=\"background-color:rgba(0, 0, 0, 0)\" class=\"has-inline-color has-pale-cyan-blue-color\">page<\/mark><\/strong> de votre projet. Chaque <strong><mark style=\"background-color:rgba(0, 0, 0, 0);color:#e9f701\" class=\"has-inline-color\">livre<\/mark><\/strong> est une aventure singuli\u00e8re qui m\u00e9rite le meilleur. Si je ne peux traiter votre demande, je vous orienterai.<\/p>\n","protected":false},"excerpt":{"rendered":"<p>Les voix que j&rsquo;\u00e9coute Mon travail s&rsquo;adresse \u00e0 vous qui souhaitez offrir un livre de vie \u00e0 un de vos proches, \u00e0 mon sens, un des beaux plus cadeaux que l&rsquo;on puisse partager avec un \u00eatre cher. Pour toujours avoir la trace de son chemin. A vous, qui vous interrogez sur l&rsquo;\u00e9criture de votre biographie, &hellip; <\/p>\n<p class=\"link-more\"><a href=\"https:\/\/biographe-provence.fr\/index.php\/mes-clients\/\" class=\"more-link\">Continuer la lecture<span class=\"screen-reader-text\"> de &laquo;&nbsp;Mes Clients&nbsp;&raquo;<\/span><\/a><\/p>\n","protected":false},"author":1,"featured_media":0,"parent":0,"menu_order":0,"comment_status":"closed","ping_status":"closed","template":"","meta":{"footnotes":""},"class_list":["post-518","page","type-page","status-publish","hentry"],"_links":{"self":[{"href":"https:\/\/biographe-provence.fr\/index.php\/wp-json\/wp\/v2\/pages\/518","targetHints":{"allow":["GET"]}}],"collection":[{"href":"https:\/\/biographe-provence.fr\/index.php\/wp-json\/wp\/v2\/pages"}],"about":[{"href":"https:\/\/biographe-provence.fr\/index.php\/wp-json\/wp\/v2\/types\/page"}],"author":[{"embeddable":true,"href":"https:\/\/biographe-provence.fr\/index.php\/wp-json\/wp\/v2\/users\/1"}],"replies":[{"embeddable":true,"href":"https:\/\/biographe-provence.fr\/index.php\/wp-json\/wp\/v2\/comments?post=518"}],"version-history":[{"count":5,"href":"https:\/\/biographe-provence.fr\/index.php\/wp-json\/wp\/v2\/pages\/518\/revisions"}],"predecessor-version":[{"id":545,"href":"https:\/\/biographe-provence.fr\/index.php\/wp-json\/wp\/v2\/pages\/518\/revisions\/545"}],"wp:attachment":[{"href":"https:\/\/biographe-provence.fr\/index.php\/wp-json\/wp\/v2\/media?parent=518"}],"curies":[{"name":"wp","href":"https:\/\/api.w.org\/{rel}","templated":true}]}}