{"id":434,"date":"2025-09-23T10:29:40","date_gmt":"2025-09-23T10:29:40","guid":{"rendered":"http:\/\/biographe-provence.fr\/?page_id=434"},"modified":"2025-11-27T08:09:07","modified_gmt":"2025-11-27T08:09:07","slug":"doits-dauteur","status":"publish","type":"page","link":"https:\/\/biographe-provence.fr\/index.php\/doits-dauteur\/","title":{"rendered":"Impression &amp; Co"},"content":{"rendered":"\n<div class=\"wp-block-media-text is-stacked-on-mobile\"><figure class=\"wp-block-media-text__media\"><img loading=\"lazy\" decoding=\"async\" width=\"1024\" height=\"682\" src=\"http:\/\/biographe-provence.fr\/wp-content\/uploads\/2025\/11\/book-3998252_1280-1024x682.jpg\" alt=\"\" class=\"wp-image-491 size-full\" srcset=\"https:\/\/biographe-provence.fr\/wp-content\/uploads\/2025\/11\/book-3998252_1280-1024x682.jpg 1024w, https:\/\/biographe-provence.fr\/wp-content\/uploads\/2025\/11\/book-3998252_1280-300x200.jpg 300w, https:\/\/biographe-provence.fr\/wp-content\/uploads\/2025\/11\/book-3998252_1280-768x512.jpg 768w, https:\/\/biographe-provence.fr\/wp-content\/uploads\/2025\/11\/book-3998252_1280.jpg 1280w\" sizes=\"auto, (max-width: 767px) 89vw, (max-width: 1000px) 54vw, (max-width: 1071px) 543px, 580px\" \/><\/figure><div class=\"wp-block-media-text__content\">\n<p class=\"has-text-align-center\">L&rsquo;<strong>impression<\/strong> de votre <strong><mark style=\"background-color:rgba(0, 0, 0, 0)\" class=\"has-inline-color has-vivid-cyan-blue-color\">livre<\/mark><\/strong> : \u00e0 la fin de notre <strong><mark style=\"background-color:rgba(0, 0, 0, 0)\" class=\"has-inline-color has-vivid-green-cyan-color\">collaboration<\/mark><\/strong>, je vous mets en contact avec un <strong><mark style=\"background-color:rgba(0, 0, 0, 0)\" class=\"has-inline-color has-luminous-vivid-amber-color\">imprimeur<\/mark><\/strong>. Je lui transmets notre travail en fichier num\u00e9rique, ainsi que les d\u00e9tails de votre commande. Le professionnel vous propose un devis. Il faut compter un d\u00e9lai de r\u00e9ception de 3 \u00e0 4 semaines et un budget d&rsquo;environ 220 euros pour 10 exemplaires (de 220 pages contenant 10 photos).<\/p>\n<\/div><\/div>\n\n\n\n<div class=\"wp-block-media-text has-media-on-the-right is-stacked-on-mobile\"><div class=\"wp-block-media-text__content\">\n<p class=\"has-text-align-center\">Les <strong>droits d&rsquo;auteur<\/strong> : nous \u00e9crivons votre<strong><mark style=\"background-color:rgba(0, 0, 0, 0)\" class=\"has-inline-color has-vivid-cyan-blue-color\"> livre<\/mark><\/strong> ensemble, nous sommes <strong>co-auteurs<\/strong>. Cela signifie que nous partageons la propri\u00e9t\u00e9 intellectuelle de l&rsquo;<strong><mark style=\"background-color:rgba(0, 0, 0, 0)\" class=\"has-inline-color has-vivid-green-cyan-color\">\u0153uvre<\/mark><\/strong>, \u00e0 parts \u00e9gales. Si vous souhaitez que je renonce \u00e0 mes droits, ce que je comprends, un contrat de cession doit \u00eatre \u00e9tabli entre nous. Il stipule mon renoncement ainsi que le montant de la compensation financi\u00e8re, que vous me versez en contre partie.<\/p>\n<\/div><figure class=\"wp-block-media-text__media\"><img loading=\"lazy\" decoding=\"async\" width=\"1024\" height=\"682\" src=\"http:\/\/biographe-provence.fr\/wp-content\/uploads\/2025\/11\/g55fdc27d0dfff56a3512143a602b0a7a74020f9d49838598b6db435429e3baf333caa2b29a517b4c3318114e157e2ba155a98c79c626503c3629cfb2f54a9994_1280-1362879-1024x682.jpg\" alt=\"s\u00fctterlin, wallpaper hd, handwriting, typography, beautiful wallpaper, desktop backgrounds, font, letter, 4k wallpaper, paper, 4k wallpaper 1920x1080, laptop wallpaper, book page, full hd wallpaper, free wallpaper, cool backgrounds, book, wallpaper 4k, mac wallpaper, text, hd wallpaper, message, nostalgia, free background, windows wallpaper, vintage, antique, old, background\" class=\"wp-image-493 size-full\" srcset=\"https:\/\/biographe-provence.fr\/wp-content\/uploads\/2025\/11\/g55fdc27d0dfff56a3512143a602b0a7a74020f9d49838598b6db435429e3baf333caa2b29a517b4c3318114e157e2ba155a98c79c626503c3629cfb2f54a9994_1280-1362879-1024x682.jpg 1024w, https:\/\/biographe-provence.fr\/wp-content\/uploads\/2025\/11\/g55fdc27d0dfff56a3512143a602b0a7a74020f9d49838598b6db435429e3baf333caa2b29a517b4c3318114e157e2ba155a98c79c626503c3629cfb2f54a9994_1280-1362879-300x200.jpg 300w, https:\/\/biographe-provence.fr\/wp-content\/uploads\/2025\/11\/g55fdc27d0dfff56a3512143a602b0a7a74020f9d49838598b6db435429e3baf333caa2b29a517b4c3318114e157e2ba155a98c79c626503c3629cfb2f54a9994_1280-1362879-768x512.jpg 768w, https:\/\/biographe-provence.fr\/wp-content\/uploads\/2025\/11\/g55fdc27d0dfff56a3512143a602b0a7a74020f9d49838598b6db435429e3baf333caa2b29a517b4c3318114e157e2ba155a98c79c626503c3629cfb2f54a9994_1280-1362879.jpg 1280w\" sizes=\"auto, (max-width: 767px) 89vw, (max-width: 1000px) 54vw, (max-width: 1071px) 543px, 580px\" \/><\/figure><\/div>\n\n\n\n<div class=\"wp-block-media-text is-stacked-on-mobile\"><figure class=\"wp-block-media-text__media\"><img loading=\"lazy\" decoding=\"async\" width=\"1024\" height=\"724\" src=\"http:\/\/biographe-provence.fr\/wp-content\/uploads\/2025\/11\/pexels-photo-17887502-17887502-1024x724.jpg\" alt=\"Street view of a bookshop with a bicycle parked outside, representing urban culture.\" class=\"wp-image-494 size-full\" srcset=\"https:\/\/biographe-provence.fr\/wp-content\/uploads\/2025\/11\/pexels-photo-17887502-17887502-1024x724.jpg 1024w, https:\/\/biographe-provence.fr\/wp-content\/uploads\/2025\/11\/pexels-photo-17887502-17887502-300x212.jpg 300w, https:\/\/biographe-provence.fr\/wp-content\/uploads\/2025\/11\/pexels-photo-17887502-17887502-768x543.jpg 768w, https:\/\/biographe-provence.fr\/wp-content\/uploads\/2025\/11\/pexels-photo-17887502-17887502-1536x1086.jpg 1536w, https:\/\/biographe-provence.fr\/wp-content\/uploads\/2025\/11\/pexels-photo-17887502-17887502-2048x1448.jpg 2048w\" sizes=\"auto, (max-width: 767px) 89vw, (max-width: 1000px) 54vw, (max-width: 1071px) 543px, 580px\" \/><\/figure><div class=\"wp-block-media-text__content\">\n<p class=\"has-text-align-center\">Si vous souhaitez que votre <strong><mark style=\"background-color:rgba(0, 0, 0, 0)\" class=\"has-inline-color has-luminous-vivid-amber-color\">r\u00e9cit<\/mark><\/strong> soit publi\u00e9, il vous faut trouver un <strong>\u00e9diteur<\/strong>. Je ne m&rsquo;engage pas pas sur la publication de votre <strong><mark style=\"background-color:rgba(0, 0, 0, 0)\" class=\"has-inline-color has-vivid-cyan-blue-color\">ouvrage<\/mark><\/strong>. Le monde de l&rsquo;\u00e9dition est tr\u00e8s ferm\u00e9. Je n&rsquo;ai pas de cl\u00e9s \u2026 Toutefois, si c&rsquo;est votre souhait je peux vous orienter.<\/p>\n<\/div><\/div>\n\n\n\n<p><\/p>\n","protected":false},"excerpt":{"rendered":"<p>L&rsquo;impression de votre livre : \u00e0 la fin de notre collaboration, je vous mets en contact avec un imprimeur. Je lui transmets notre travail en fichier num\u00e9rique, ainsi que les d\u00e9tails de votre commande. Le professionnel vous propose un devis. Il faut compter un d\u00e9lai de r\u00e9ception de 3 \u00e0 4 semaines et un budget &hellip; <\/p>\n<p class=\"link-more\"><a href=\"https:\/\/biographe-provence.fr\/index.php\/doits-dauteur\/\" class=\"more-link\">Continuer la lecture<span class=\"screen-reader-text\"> de &laquo;&nbsp;Impression &amp; Co&nbsp;&raquo;<\/span><\/a><\/p>\n","protected":false},"author":1,"featured_media":0,"parent":0,"menu_order":0,"comment_status":"closed","ping_status":"closed","template":"","meta":{"footnotes":""},"class_list":["post-434","page","type-page","status-publish","hentry"],"_links":{"self":[{"href":"https:\/\/biographe-provence.fr\/index.php\/wp-json\/wp\/v2\/pages\/434","targetHints":{"allow":["GET"]}}],"collection":[{"href":"https:\/\/biographe-provence.fr\/index.php\/wp-json\/wp\/v2\/pages"}],"about":[{"href":"https:\/\/biographe-provence.fr\/index.php\/wp-json\/wp\/v2\/types\/page"}],"author":[{"embeddable":true,"href":"https:\/\/biographe-provence.fr\/index.php\/wp-json\/wp\/v2\/users\/1"}],"replies":[{"embeddable":true,"href":"https:\/\/biographe-provence.fr\/index.php\/wp-json\/wp\/v2\/comments?post=434"}],"version-history":[{"count":13,"href":"https:\/\/biographe-provence.fr\/index.php\/wp-json\/wp\/v2\/pages\/434\/revisions"}],"predecessor-version":[{"id":563,"href":"https:\/\/biographe-provence.fr\/index.php\/wp-json\/wp\/v2\/pages\/434\/revisions\/563"}],"wp:attachment":[{"href":"https:\/\/biographe-provence.fr\/index.php\/wp-json\/wp\/v2\/media?parent=434"}],"curies":[{"name":"wp","href":"https:\/\/api.w.org\/{rel}","templated":true}]}}