{"id":426,"date":"2025-09-23T10:20:49","date_gmt":"2025-09-23T10:20:49","guid":{"rendered":"http:\/\/biographe-provence.fr\/?page_id=426"},"modified":"2025-11-21T09:04:21","modified_gmt":"2025-11-21T09:04:21","slug":"des-extraits","status":"publish","type":"page","link":"https:\/\/biographe-provence.fr\/index.php\/des-extraits\/","title":{"rendered":"Des extraits"},"content":{"rendered":"\n<h2 class=\"wp-block-heading has-text-align-left\"><mark style=\"background-color:rgba(0, 0, 0, 0)\" class=\"has-inline-color has-vivid-cyan-blue-color\"><strong>R\u00e9cit de Maternit\u00e9<\/strong><\/mark> :&nbsp;&nbsp;<\/h2>\n\n\n\n<p class=\"has-text-align-center\">\u00ab\u00a0<em>Avec&nbsp;l\u2019arriv\u00e9e de Calie, je me demandais sans cesse comment j\u2019allais pouvoir <strong>aimer<\/strong> ces deux \u00eatres de la m\u00eame fa\u00e7on. Une de&nbsp;mes&nbsp;craintes \u00e9tait de les traiter diff\u00e9remment malgr\u00e9 moi.&nbsp;En r\u00e9alit\u00e9, c\u2019est naturellement que les choses se passent. Mon&nbsp;<strong>c\u0153ur<\/strong>&nbsp;a grandi avec&nbsp;l\u2019arriv\u00e9e de <strong>mes enfants<\/strong>.&nbsp;Je les aime vraiment tout autant&nbsp;l\u2019un que l\u2019autre,&nbsp;m\u00eame si&nbsp;j\u2019agis parfois diff\u00e9remment avec chacun d\u2019eux.<\/em>&nbsp;&nbsp;[\u2026]&nbsp;<\/p>\n\n\n\n<p class=\"has-text-align-center\"><em>Ma fa\u00e7on d\u2019\u00eatre <strong>m\u00e8re<\/strong> a malmen\u00e9 notre couple, mais je suis comme \u00e7a. Exclusive. La <strong>maternit\u00e9<\/strong> a transform\u00e9 ma vie. Je&nbsp;n\u2019en suis plus la priorit\u00e9. Je poss\u00e8de davantage de responsabilit\u00e9s, je suis inqui\u00e8te pour d\u2019autres que moi.&nbsp;J\u2019ai l\u2019impression d\u2019avoir grandi d\u2019un coup en devenant m\u00e8re. C&rsquo;est un objectif de <strong>vie<\/strong>. Aujourd\u2019hui je n\u2019imagine pas ma vie sans eux. Je ne&nbsp;peux&nbsp;plus penser qu\u2019\u00e0 moi, \u00e7a change tout dans l\u2019\u00e9quilibre d\u2019une vie, d\u2019un couple, d\u2019une famille. Pour autant,&nbsp;\u00eatre&nbsp;parent,&nbsp;c\u2019est&nbsp;s\u2019accomplir,&nbsp;c\u2019est grandir,&nbsp;c\u2019est aimer,&nbsp;c\u2019est transmettre,&nbsp;c\u2019est donner,&nbsp;c\u2019est apprendre,&nbsp;c\u2019est prot\u00e9ger, et plus encore.<\/em>\u00a0\u00bb&nbsp;<\/p>\n\n\n\n<p><\/p>\n\n\n\n<p><\/p>\n\n\n\n<h2 class=\"wp-block-heading\"><strong><mark style=\"background-color:rgba(0, 0, 0, 0)\" class=\"has-inline-color has-vivid-green-cyan-color\">R\u00e9cit de voyage<\/mark><\/strong> :<\/h2>\n\n\n\n<p class=\"has-text-align-center\">\u00ab\u00a0<em>J\u2019ai alors r\u00e9alis\u00e9\u00a0\u00e0 quel point j\u2019avais eu raison de pr\u00e9parer ce voyage avec autant de pr\u00e9cautions. Les\u00a0lieux\u00a0dans lesquels\u00a0nous nous sommes\u00a0trouv\u00e9s\u00a0poss\u00e8dent\u00a0une authenticit\u00e9\u00a0folle et constituent les <strong>tr\u00e9sors de ce pays<\/strong>. J\u2019\u00e9tais heureuse\u00a0que mes longues heures de recherche aient port\u00e9 leurs fruits, nous menant dans des endroits hors du commun !\u00a0<\/em><\/p>\n\n\n\n<p class=\"has-text-align-center\"><em>Les sources d\u2019eau chaude coulaient au pied de l\u2019h\u00f4tel. Une randonn\u00e9e avec un guide fran\u00e7ais nous a \u00e9clair\u00e9s&nbsp;sur les subtilit\u00e9s de cette <strong>terre<\/strong> et la n\u00e9cessit\u00e9 de la <strong>pr\u00e9server<\/strong>. C\u2019\u00e9tait&nbsp;somptueux. Pr\u00e8s du volcan la&nbsp;temp\u00e9rature de l\u2019eau de la rivi\u00e8re&nbsp;\u00e9tait&nbsp;\u00e9quivalente \u00e0 celle d\u2019un bain. Ces sensations nous procuraient un sentiment&nbsp;aussi&nbsp;\u00e9trange&nbsp;qu\u2019agr\u00e9able.\u00a0\u00bb&nbsp;<\/em><\/p>\n","protected":false},"excerpt":{"rendered":"<p>R\u00e9cit de Maternit\u00e9 :&nbsp;&nbsp; \u00ab\u00a0Avec&nbsp;l\u2019arriv\u00e9e de Calie, je me demandais sans cesse comment j\u2019allais pouvoir aimer ces deux \u00eatres de la m\u00eame fa\u00e7on. Une de&nbsp;mes&nbsp;craintes \u00e9tait de les traiter diff\u00e9remment malgr\u00e9 moi.&nbsp;En r\u00e9alit\u00e9, c\u2019est naturellement que les choses se passent. Mon&nbsp;c\u0153ur&nbsp;a grandi avec&nbsp;l\u2019arriv\u00e9e de mes enfants.&nbsp;Je les aime vraiment tout autant&nbsp;l\u2019un que l\u2019autre,&nbsp;m\u00eame si&nbsp;j\u2019agis parfois &hellip; <\/p>\n<p class=\"link-more\"><a href=\"https:\/\/biographe-provence.fr\/index.php\/des-extraits\/\" class=\"more-link\">Continuer la lecture<span class=\"screen-reader-text\"> de &laquo;&nbsp;Des extraits&nbsp;&raquo;<\/span><\/a><\/p>\n","protected":false},"author":1,"featured_media":0,"parent":0,"menu_order":0,"comment_status":"closed","ping_status":"closed","template":"","meta":{"footnotes":""},"class_list":["post-426","page","type-page","status-publish","hentry"],"_links":{"self":[{"href":"https:\/\/biographe-provence.fr\/index.php\/wp-json\/wp\/v2\/pages\/426","targetHints":{"allow":["GET"]}}],"collection":[{"href":"https:\/\/biographe-provence.fr\/index.php\/wp-json\/wp\/v2\/pages"}],"about":[{"href":"https:\/\/biographe-provence.fr\/index.php\/wp-json\/wp\/v2\/types\/page"}],"author":[{"embeddable":true,"href":"https:\/\/biographe-provence.fr\/index.php\/wp-json\/wp\/v2\/users\/1"}],"replies":[{"embeddable":true,"href":"https:\/\/biographe-provence.fr\/index.php\/wp-json\/wp\/v2\/comments?post=426"}],"version-history":[{"count":7,"href":"https:\/\/biographe-provence.fr\/index.php\/wp-json\/wp\/v2\/pages\/426\/revisions"}],"predecessor-version":[{"id":561,"href":"https:\/\/biographe-provence.fr\/index.php\/wp-json\/wp\/v2\/pages\/426\/revisions\/561"}],"wp:attachment":[{"href":"https:\/\/biographe-provence.fr\/index.php\/wp-json\/wp\/v2\/media?parent=426"}],"curies":[{"name":"wp","href":"https:\/\/api.w.org\/{rel}","templated":true}]}}