{"id":2,"date":"2025-08-14T13:29:25","date_gmt":"2025-08-14T13:29:25","guid":{"rendered":"http:\/\/biographe-provence.fr\/?page_id=2"},"modified":"2026-03-06T10:32:56","modified_gmt":"2026-03-06T10:32:56","slug":"sample-page","status":"publish","type":"page","link":"https:\/\/biographe-provence.fr\/","title":{"rendered":"Je suis Julie Bruna, Biographe, j&rsquo;ai fond\u00e9 l&rsquo;Ombre Plume afin de donner vie aux Histoires, parce que chacune d&rsquo;elle compte"},"content":{"rendered":"<div class=\"wp-block-image\">\n<figure class=\"alignleft size-large is-resized\"><img loading=\"lazy\" decoding=\"async\" width=\"945\" height=\"946\" src=\"http:\/\/biographe-provence.fr\/wp-content\/uploads\/2025\/09\/portrait-moi-edited.jpg\" alt=\"\" class=\"wp-image-307\" style=\"width:124px;height:auto\" srcset=\"https:\/\/biographe-provence.fr\/wp-content\/uploads\/2025\/09\/portrait-moi-edited.jpg 945w, https:\/\/biographe-provence.fr\/wp-content\/uploads\/2025\/09\/portrait-moi-edited-300x300.jpg 300w, https:\/\/biographe-provence.fr\/wp-content\/uploads\/2025\/09\/portrait-moi-edited-150x150.jpg 150w, https:\/\/biographe-provence.fr\/wp-content\/uploads\/2025\/09\/portrait-moi-edited-768x769.jpg 768w, https:\/\/biographe-provence.fr\/wp-content\/uploads\/2025\/09\/portrait-moi-edited-100x100.jpg 100w\" sizes=\"auto, (max-width: 767px) 89vw, (max-width: 1000px) 54vw, (max-width: 1071px) 543px, 580px\" \/><\/figure>\n<\/div>\n\n\n<blockquote class=\"wp-block-quote has-text-align-center is-layout-flow wp-block-quote-is-layout-flow\">\n<p><strong>Chaque <mark style=\"background-color:rgba(0, 0, 0, 0)\" class=\"has-inline-color has-vivid-cyan-blue-color\">vie<\/mark> est un <mark style=\"background-color:rgba(0, 0, 0, 0)\" class=\"has-inline-color has-vivid-green-cyan-color\">livre<\/mark>, chaque <mark style=\"background-color:rgba(0, 0, 0, 0)\" class=\"has-inline-color has-luminous-vivid-amber-color\">souvenir<\/mark> une <mark style=\"background-color:rgba(0, 0, 0, 0)\" class=\"has-inline-color has-vivid-cyan-blue-color\">page<\/mark><\/strong>. <strong>L&rsquo;<mark style=\"background-color:rgba(0, 0, 0, 0)\" class=\"has-inline-color has-vivid-green-cyan-color\">histoire<\/mark> se <mark style=\"background-color:rgba(0, 0, 0, 0)\" class=\"has-inline-color has-luminous-vivid-amber-color\">transmet<\/mark> lorsque quelqu&rsquo;un prend le <mark style=\"background-color:rgba(0, 0, 0, 0)\" class=\"has-inline-color has-vivid-cyan-blue-color\">temps<\/mark> de l&rsquo;<mark style=\"background-color:rgba(0, 0, 0, 0)\" class=\"has-inline-color has-vivid-green-cyan-color\">\u00e9crire<\/mark>.<\/strong><\/p>\n<\/blockquote>\n\n\n\n<p><\/p>\n\n\n\n<p><\/p>\n\n\n\n<p class=\"has-text-align-center\"><strong><mark style=\"background-color:rgba(0, 0, 0, 0)\" class=\"has-inline-color has-vivid-cyan-blue-color\">Biographe<\/mark><\/strong>, <strong><mark style=\"background-color:rgba(0, 0, 0, 0)\" class=\"has-inline-color has-light-green-cyan-color\">pr\u00eate-plume<\/mark><\/strong>, <strong><mark style=\"background-color:rgba(0, 0, 0, 0);color:#f7fd09\" class=\"has-inline-color\">plume de vie<\/mark><\/strong>, \u00e0 vous de choisir le nom qui vous convient.<\/p>\n\n\n\n<p class=\"has-text-align-center\">Je vous aide \u00e0 <mark style=\"background-color:rgba(0, 0, 0, 0)\" class=\"has-inline-color has-vivid-cyan-blue-color\"><strong>\u00e9crire<\/strong><\/mark> l<strong>&lsquo;<mark style=\"background-color:rgba(0, 0, 0, 0)\" class=\"has-inline-color has-light-green-cyan-color\">histoire<\/mark><\/strong> de votre vie avec force et discr\u00e9tion, pour laisser \u00e0 vos proches, vos enfants, vos petits enfants, une trace de vos <strong><mark style=\"background-color:rgba(0, 0, 0, 0)\" class=\"has-inline-color has-vivid-cyan-blue-color\">souvenirs<\/mark> <\/strong>grav\u00e9s sur du <strong><mark style=\"background-color:rgba(0, 0, 0, 0)\" class=\"has-inline-color has-light-green-cyan-color\">papier<\/mark><\/strong>. L&rsquo;<mark style=\"background-color:rgba(0, 0, 0, 0)\" class=\"has-inline-color has-vivid-cyan-blue-color\"><strong>empreinte<\/strong><\/mark> de toute une vie, d&rsquo;un \u00e9v\u00e8nement, ou d&rsquo;un moment particulier, r\u00e9unie dans le creux de leurs mains. Nous pouvons aussi <strong><mark style=\"background-color:rgba(0, 0, 0, 0)\" class=\"has-inline-color has-light-green-cyan-color\">\u00e9crire<\/mark><\/strong> ensemble un <strong><mark style=\"background-color:rgba(0, 0, 0, 0)\" class=\"has-inline-color has-vivid-cyan-blue-color\">livre<\/mark><\/strong> rien que pour vous.<\/p>\n\n\n\n<div class=\"wp-block-columns is-layout-flex wp-container-core-columns-is-layout-9d6595d7 wp-block-columns-is-layout-flex\">\n<div class=\"wp-block-column is-layout-flow wp-block-column-is-layout-flow\">\n<div class=\"wp-block-media-text is-stacked-on-mobile\"><figure class=\"wp-block-media-text__media\"><a href=\"http:\/\/biographe-provence.fr\/index.php\/biographie-familiale\/\"><img loading=\"lazy\" decoding=\"async\" width=\"1024\" height=\"683\" src=\"http:\/\/biographe-provence.fr\/wp-content\/uploads\/2025\/09\/coffee-2306471_1280-3-1024x683.jpg\" alt=\"\" class=\"wp-image-213 size-full\" srcset=\"https:\/\/biographe-provence.fr\/wp-content\/uploads\/2025\/09\/coffee-2306471_1280-3-1024x683.jpg 1024w, https:\/\/biographe-provence.fr\/wp-content\/uploads\/2025\/09\/coffee-2306471_1280-3-300x200.jpg 300w, https:\/\/biographe-provence.fr\/wp-content\/uploads\/2025\/09\/coffee-2306471_1280-3-768x512.jpg 768w, https:\/\/biographe-provence.fr\/wp-content\/uploads\/2025\/09\/coffee-2306471_1280-3.jpg 1280w\" sizes=\"auto, (max-width: 767px) 89vw, (max-width: 1000px) 54vw, (max-width: 1071px) 543px, 580px\" \/><\/a><\/figure><div class=\"wp-block-media-text__content\">\n<div class=\"wp-block-buttons is-content-justification-center is-layout-flex wp-container-core-buttons-is-layout-16018d1d wp-block-buttons-is-layout-flex\">\n<div class=\"wp-block-button\"><a class=\"wp-block-button__link has-text-align-center wp-element-button\" href=\"http:\/\/biographe-provence.fr\/index.php\/biographie-familiale\/\"><strong><em><mark style=\"background-color:rgba(0, 0, 0, 0)\" class=\"has-inline-color has-black-color\">Biographie Familiale<\/mark><\/em><\/strong>                             <strong><em><mark style=\"background-color:rgba(0, 0, 0, 0)\" class=\"has-inline-color has-black-color\">ou <\/mark><\/em><\/strong><strong><em><mark style=\"background-color:rgba(0, 0, 0, 0)\" class=\"has-inline-color has-black-color\">Livre de Vie<\/mark><\/em><\/strong><\/a><\/div>\n<\/div>\n<\/div><\/div>\n<\/div>\n<\/div>\n\n\n\n<div class=\"wp-block-media-text has-media-on-the-right is-stacked-on-mobile is-vertically-aligned-center\"><div class=\"wp-block-media-text__content\">\n<div class=\"wp-block-buttons is-content-justification-center is-layout-flex wp-container-core-buttons-is-layout-16018d1d wp-block-buttons-is-layout-flex\">\n<div class=\"wp-block-button\"><a class=\"wp-block-button__link has-text-align-center wp-element-button\" href=\"http:\/\/biographe-provence.fr\/index.php\/livre-despoir\/\"><em><mark style=\"background-color:rgba(0, 0, 0, 0)\" class=\"has-inline-color has-black-color\">Pages de Lumi\u00e8re  ou <\/mark><\/em><strong><em><mark style=\"background-color:rgba(0, 0, 0, 0)\" class=\"has-inline-color has-black-color\">Livre d&rsquo;Espoir<\/mark><\/em><\/strong><\/a><\/div>\n<\/div>\n<\/div><figure class=\"wp-block-media-text__media\"><a href=\"http:\/\/biographe-provence.fr\/index.php\/livre-despoir\/\"><img loading=\"lazy\" decoding=\"async\" width=\"1024\" height=\"681\" src=\"http:\/\/biographe-provence.fr\/wp-content\/uploads\/2025\/09\/book-1283865_1280-2-1024x681.jpg\" alt=\"\" class=\"wp-image-217 size-full\" srcset=\"https:\/\/biographe-provence.fr\/wp-content\/uploads\/2025\/09\/book-1283865_1280-2-1024x681.jpg 1024w, https:\/\/biographe-provence.fr\/wp-content\/uploads\/2025\/09\/book-1283865_1280-2-300x199.jpg 300w, https:\/\/biographe-provence.fr\/wp-content\/uploads\/2025\/09\/book-1283865_1280-2-768x511.jpg 768w, https:\/\/biographe-provence.fr\/wp-content\/uploads\/2025\/09\/book-1283865_1280-2.jpg 1280w\" sizes=\"auto, (max-width: 767px) 89vw, (max-width: 1000px) 54vw, (max-width: 1071px) 543px, 580px\" \/><\/a><\/figure><\/div>\n\n\n\n<div class=\"wp-block-media-text is-stacked-on-mobile\"><figure class=\"wp-block-media-text__media\"><a href=\"http:\/\/biographe-provence.fr\/index.php\/protection-de-lenfance\/\"><img loading=\"lazy\" decoding=\"async\" width=\"1024\" height=\"682\" src=\"http:\/\/biographe-provence.fr\/wp-content\/uploads\/2025\/09\/pexels-photo-123024-123024-1024x682.jpg\" alt=\"\" class=\"wp-image-201 size-full\" srcset=\"https:\/\/biographe-provence.fr\/wp-content\/uploads\/2025\/09\/pexels-photo-123024-123024-1024x682.jpg 1024w, https:\/\/biographe-provence.fr\/wp-content\/uploads\/2025\/09\/pexels-photo-123024-123024-300x200.jpg 300w, https:\/\/biographe-provence.fr\/wp-content\/uploads\/2025\/09\/pexels-photo-123024-123024-768x511.jpg 768w\" sizes=\"auto, (max-width: 767px) 89vw, (max-width: 1000px) 54vw, (max-width: 1071px) 543px, 580px\" \/><\/a><\/figure><div class=\"wp-block-media-text__content\">\n<div class=\"wp-block-buttons is-content-justification-center is-layout-flex wp-container-core-buttons-is-layout-16018d1d wp-block-buttons-is-layout-flex\">\n<div class=\"wp-block-button\"><a class=\"wp-block-button__link wp-element-button\" href=\"http:\/\/biographe-provence.fr\/index.php\/protection-de-lenfance\/\"><mark style=\"background-color:rgba(0, 0, 0, 0)\" class=\"has-inline-color has-black-color\"><em><strong>Chemins de Vie pour les personnes dont la route a crois\u00e9 celle de la Protection de l&rsquo;Enfance<\/strong><\/em><\/mark><\/a><\/div>\n<\/div>\n\n\n\n<p><\/p>\n<\/div><\/div>\n\n\n\n<p><\/p>\n\n\n\n<p class=\"has-text-align-center\">Je pratique un tarif horaire unique de 50 euros. Une s\u00e9ance est compos\u00e9e d&rsquo;1h d&rsquo;entretien + 4h d&rsquo;\u00e9criture. <\/p>\n\n\n\n<p class=\"has-text-align-center\"><mark style=\"background-color:rgba(0, 0, 0, 0)\" class=\"has-inline-color has-light-green-cyan-color\"><em>\u00ab\u00a0Parce que chaque histoire compte\u00a0\u00bb<\/em><\/mark><\/p>\n\n\n\n<p><\/p>\n","protected":false},"excerpt":{"rendered":"<p>Chaque vie est un livre, chaque souvenir une page. L&rsquo;histoire se transmet lorsque quelqu&rsquo;un prend le temps de l&rsquo;\u00e9crire. Biographe, pr\u00eate-plume, plume de vie, \u00e0 vous de choisir le nom qui vous convient. Je vous aide \u00e0 \u00e9crire l&lsquo;histoire de votre vie avec force et discr\u00e9tion, pour laisser \u00e0 vos proches, vos enfants, vos petits &hellip; <\/p>\n<p class=\"link-more\"><a href=\"https:\/\/biographe-provence.fr\/\" class=\"more-link\">Continuer la lecture<span class=\"screen-reader-text\"> de &laquo;&nbsp;Je suis Julie Bruna, Biographe, j&rsquo;ai fond\u00e9 l&rsquo;Ombre Plume afin de donner vie aux Histoires, parce que chacune d&rsquo;elle compte&nbsp;&raquo;<\/span><\/a><\/p>\n","protected":false},"author":1,"featured_media":0,"parent":0,"menu_order":0,"comment_status":"closed","ping_status":"open","template":"","meta":{"footnotes":""},"class_list":["post-2","page","type-page","status-publish","hentry"],"_links":{"self":[{"href":"https:\/\/biographe-provence.fr\/index.php\/wp-json\/wp\/v2\/pages\/2","targetHints":{"allow":["GET"]}}],"collection":[{"href":"https:\/\/biographe-provence.fr\/index.php\/wp-json\/wp\/v2\/pages"}],"about":[{"href":"https:\/\/biographe-provence.fr\/index.php\/wp-json\/wp\/v2\/types\/page"}],"author":[{"embeddable":true,"href":"https:\/\/biographe-provence.fr\/index.php\/wp-json\/wp\/v2\/users\/1"}],"replies":[{"embeddable":true,"href":"https:\/\/biographe-provence.fr\/index.php\/wp-json\/wp\/v2\/comments?post=2"}],"version-history":[{"count":92,"href":"https:\/\/biographe-provence.fr\/index.php\/wp-json\/wp\/v2\/pages\/2\/revisions"}],"predecessor-version":[{"id":585,"href":"https:\/\/biographe-provence.fr\/index.php\/wp-json\/wp\/v2\/pages\/2\/revisions\/585"}],"wp:attachment":[{"href":"https:\/\/biographe-provence.fr\/index.php\/wp-json\/wp\/v2\/media?parent=2"}],"curies":[{"name":"wp","href":"https:\/\/api.w.org\/{rel}","templated":true}]}}