{"id":184,"date":"2025-09-19T08:59:27","date_gmt":"2025-09-19T08:59:27","guid":{"rendered":"http:\/\/biographe-provence.fr\/?page_id=184"},"modified":"2025-11-12T22:02:50","modified_gmt":"2025-11-12T22:02:50","slug":"protection-de-lenfance","status":"publish","type":"page","link":"https:\/\/biographe-provence.fr\/index.php\/protection-de-lenfance\/","title":{"rendered":"CHEMIN DE VIE"},"content":{"rendered":"\n<figure class=\"wp-block-image size-large\"><img loading=\"lazy\" decoding=\"async\" width=\"1024\" height=\"682\" src=\"http:\/\/biographe-provence.fr\/wp-content\/uploads\/2025\/09\/pexels-photo-123024-123024-1024x682.jpg\" alt=\"\" class=\"wp-image-201\" srcset=\"https:\/\/biographe-provence.fr\/wp-content\/uploads\/2025\/09\/pexels-photo-123024-123024-1024x682.jpg 1024w, https:\/\/biographe-provence.fr\/wp-content\/uploads\/2025\/09\/pexels-photo-123024-123024-300x200.jpg 300w, https:\/\/biographe-provence.fr\/wp-content\/uploads\/2025\/09\/pexels-photo-123024-123024-768x511.jpg 768w\" sizes=\"auto, (max-width: 767px) 89vw, (max-width: 1000px) 54vw, (max-width: 1071px) 543px, 580px\" \/><\/figure>\n\n\n\n<p class=\"has-text-align-center\">Pendant pr\u00e8s de 20 ans j&rsquo;ai arpent\u00e9 les couloirs de la \u00ab\u00a0Protection de l&rsquo;Enfance\u00a0\u00bb, je ressens comme une n\u00e9cessit\u00e9 : donner la parole \u00e0 toutes les \u00e2mes qui ont crois\u00e9 ce chemin. Chacun de vous, enfant, parent, fr\u00e8re, s\u0153ur, travailleur social, intervenant, oncle, tante, tuteur, tiers digne de confiance, juge\u2026 poss\u00e8de une <strong><mark style=\"background-color:rgba(0, 0, 0, 0)\" class=\"has-inline-color has-light-green-cyan-color\">v\u00e9rit\u00e9<\/mark><\/strong> \u00e0 <strong><mark style=\"background-color:rgba(0, 0, 0, 0)\" class=\"has-inline-color has-light-green-cyan-color\">raconter <\/mark><\/strong>\u00e0 ce sujet. Elle peut donner du sens \u00e0 votre parcours de vie, votre exp\u00e9rience professionnelle et venir en aide \u00e0 d&rsquo;autres.<\/p>\n\n\n\n<p><\/p>\n\n\n\n<p class=\"has-text-align-center\"><\/p>\n\n\n\n<ul class=\"wp-block-list\">\n<li>Pour mettre des <strong><mark style=\"background-color:rgba(0, 0, 0, 0)\" class=\"has-inline-color has-light-green-cyan-color\">mots<\/mark><\/strong> sur votre v\u00e9rit\u00e9<\/li>\n\n\n\n<li><strong><mark style=\"background-color:rgba(0, 0, 0, 0)\" class=\"has-inline-color has-light-green-cyan-color\">T\u00e9moigner<\/mark><\/strong> de votre v\u00e9cu<\/li>\n\n\n\n<li>Pour transmettre<\/li>\n\n\n\n<li>Pour d\u00e9noncer<\/li>\n<\/ul>\n\n\n\n<blockquote class=\"wp-block-quote is-layout-flow wp-block-quote-is-layout-flow\">\n<p><\/p>\n\n\n\n<p><\/p>\n\n\n\n<p class=\"has-text-align-right\"><strong><mark style=\"background-color:rgba(0, 0, 0, 0)\" class=\"has-inline-color has-light-green-cyan-color\">Chemin de Vie<\/mark><\/strong> :<\/p>\n\n\n\n<p class=\"has-text-align-right\">* c&rsquo;est un processus : je vous remets mes <strong><mark style=\"background-color:rgba(0, 0, 0, 0)\" class=\"has-inline-color has-light-green-cyan-color\">\u00e9crits<\/mark><\/strong> entre chaque entretien pour construire votre r\u00e9cit au fur et \u00e0 mesure.<\/p>\n\n\n\n<p class=\"has-text-align-right\">* c&rsquo;est un accompagnement bienveillant dans la mise en <strong><mark style=\"background-color:rgba(0, 0, 0, 0)\" class=\"has-inline-color has-light-green-cyan-color\">mots <\/mark><\/strong>de votre v\u00e9cu avec la \u00ab\u00a0Protection de l&rsquo;Enfance\u00a0\u00bb.<\/p>\n\n\n\n<p class=\"has-text-align-right\">* c&rsquo;est rester \u00e0 ma place de <strong><mark style=\"background-color:rgba(0, 0, 0, 0)\" class=\"has-inline-color has-light-green-cyan-color\">biographe<\/mark><\/strong>, sp\u00e9cialiste de l&rsquo;\u00e9coute et de l&rsquo;\u00e9criture, je ne suis pas journaliste, juriste, ni soignant. Je ne participe pas \u00e0 la diffusion de propos diffamatoires. Mon objectif est de vous pr\u00eater ma <strong><mark style=\"background-color:rgba(0, 0, 0, 0)\" class=\"has-inline-color has-light-green-cyan-color\">plume<\/mark><\/strong> pour dire votre v\u00e9rit\u00e9.<\/p>\n\n\n\n<p class=\"has-text-align-right\">* c&rsquo;est le nombre d&rsquo;entretien que vous jugerez n\u00e9cessaire pour <strong><mark style=\"background-color:rgba(0, 0, 0, 0)\" class=\"has-inline-color has-light-green-cyan-color\">raconter<\/mark><\/strong> (entre 5 et 15 d&rsquo;ordinaire).<\/p>\n\n\n\n<p class=\"has-text-align-right\"><\/p>\n\n\n\n<ul class=\"wp-block-list\">\n<li><\/li>\n\n\n\n<li><\/li>\n<\/ul>\n<\/blockquote>\n","protected":false},"excerpt":{"rendered":"<p>Pendant pr\u00e8s de 20 ans j&rsquo;ai arpent\u00e9 les couloirs de la \u00ab\u00a0Protection de l&rsquo;Enfance\u00a0\u00bb, je ressens comme une n\u00e9cessit\u00e9 : donner la parole \u00e0 toutes les \u00e2mes qui ont crois\u00e9 ce chemin. Chacun de vous, enfant, parent, fr\u00e8re, s\u0153ur, travailleur social, intervenant, oncle, tante, tuteur, tiers digne de confiance, juge\u2026 poss\u00e8de une v\u00e9rit\u00e9 \u00e0 raconter &hellip; <\/p>\n<p class=\"link-more\"><a href=\"https:\/\/biographe-provence.fr\/index.php\/protection-de-lenfance\/\" class=\"more-link\">Continuer la lecture<span class=\"screen-reader-text\"> de &laquo;&nbsp;CHEMIN DE VIE&nbsp;&raquo;<\/span><\/a><\/p>\n","protected":false},"author":1,"featured_media":0,"parent":0,"menu_order":0,"comment_status":"closed","ping_status":"closed","template":"","meta":{"footnotes":""},"class_list":["post-184","page","type-page","status-publish","hentry"],"_links":{"self":[{"href":"https:\/\/biographe-provence.fr\/index.php\/wp-json\/wp\/v2\/pages\/184","targetHints":{"allow":["GET"]}}],"collection":[{"href":"https:\/\/biographe-provence.fr\/index.php\/wp-json\/wp\/v2\/pages"}],"about":[{"href":"https:\/\/biographe-provence.fr\/index.php\/wp-json\/wp\/v2\/types\/page"}],"author":[{"embeddable":true,"href":"https:\/\/biographe-provence.fr\/index.php\/wp-json\/wp\/v2\/users\/1"}],"replies":[{"embeddable":true,"href":"https:\/\/biographe-provence.fr\/index.php\/wp-json\/wp\/v2\/comments?post=184"}],"version-history":[{"count":11,"href":"https:\/\/biographe-provence.fr\/index.php\/wp-json\/wp\/v2\/pages\/184\/revisions"}],"predecessor-version":[{"id":542,"href":"https:\/\/biographe-provence.fr\/index.php\/wp-json\/wp\/v2\/pages\/184\/revisions\/542"}],"wp:attachment":[{"href":"https:\/\/biographe-provence.fr\/index.php\/wp-json\/wp\/v2\/media?parent=184"}],"curies":[{"name":"wp","href":"https:\/\/api.w.org\/{rel}","templated":true}]}}