{"id":182,"date":"2025-09-19T08:59:04","date_gmt":"2025-09-19T08:59:04","guid":{"rendered":"http:\/\/biographe-provence.fr\/?page_id=182"},"modified":"2025-11-12T22:01:47","modified_gmt":"2025-11-12T22:01:47","slug":"livre-despoir","status":"publish","type":"page","link":"https:\/\/biographe-provence.fr\/index.php\/livre-despoir\/","title":{"rendered":"LIVRE D&rsquo;ESPOIR"},"content":{"rendered":"\n<figure class=\"wp-block-image size-large\"><img loading=\"lazy\" decoding=\"async\" width=\"1024\" height=\"681\" src=\"http:\/\/biographe-provence.fr\/wp-content\/uploads\/2025\/09\/book-1283865_1280-2-1024x681.jpg\" alt=\"\" class=\"wp-image-217\" srcset=\"https:\/\/biographe-provence.fr\/wp-content\/uploads\/2025\/09\/book-1283865_1280-2-1024x681.jpg 1024w, https:\/\/biographe-provence.fr\/wp-content\/uploads\/2025\/09\/book-1283865_1280-2-300x199.jpg 300w, https:\/\/biographe-provence.fr\/wp-content\/uploads\/2025\/09\/book-1283865_1280-2-768x511.jpg 768w, https:\/\/biographe-provence.fr\/wp-content\/uploads\/2025\/09\/book-1283865_1280-2.jpg 1280w\" sizes=\"auto, (max-width: 767px) 89vw, (max-width: 1000px) 54vw, (max-width: 1071px) 543px, 580px\" \/><\/figure>\n\n\n\n<p class=\"has-text-align-center\"><strong><mark style=\"background-color:rgba(0, 0, 0, 0)\" class=\"has-inline-color has-light-green-cyan-color\">Raconter<\/mark><\/strong> votre histoire permet de poser des <strong><mark style=\"background-color:rgba(0, 0, 0, 0)\" class=\"has-inline-color has-light-green-cyan-color\">mots<\/mark><\/strong> sur votre v\u00e9cu, vos \u00e9motions, vos souvenirs, pour s&rsquo;en lib\u00e9rer. Le <strong><mark style=\"background-color:rgba(0, 0, 0, 0)\" class=\"has-inline-color has-light-green-cyan-color\">livre<\/mark><\/strong> d&rsquo;espoir devient un espace d&rsquo;expression et peut transformer ce qui p\u00e8se en un r\u00e9cit porteur de sens.<\/p>\n\n\n\n<p><\/p>\n\n\n\n<ul class=\"wp-block-list\">\n<li>Pour tourner la <strong><mark style=\"background-color:rgba(0, 0, 0, 0)\" class=\"has-inline-color has-light-green-cyan-color\">page<\/mark><\/strong><\/li>\n\n\n\n<li><strong><mark style=\"background-color:rgba(0, 0, 0, 0)\" class=\"has-inline-color has-light-green-cyan-color\">Transmettre<\/mark><\/strong> de l&rsquo;espoir<\/li>\n\n\n\n<li>Pour t\u00e9moigner<\/li>\n\n\n\n<li>Et donner du sens<\/li>\n<\/ul>\n\n\n\n<blockquote class=\"wp-block-quote is-layout-flow wp-block-quote-is-layout-flow\">\n<p><\/p>\n\n\n\n<p class=\"has-text-align-right\">Un <strong><mark style=\"background-color:rgba(0, 0, 0, 0)\" class=\"has-inline-color has-light-green-cyan-color\">Livre d&rsquo;Espoir<\/mark><\/strong> :<\/p>\n\n\n\n<p class=\"has-text-align-right\">* c&rsquo;est un processus : c&rsquo;est prendre le temps de traiter le sujet de la mani\u00e8re dont vous le souhaitez. Je vous remets mes <strong><mark style=\"background-color:rgba(0, 0, 0, 0)\" class=\"has-inline-color has-light-green-cyan-color\">\u00e9crits<\/mark><\/strong> entre chaque entretien pour construire le r\u00e9cit au fur et \u00e0 mesure.<\/p>\n\n\n\n<p class=\"has-text-align-right\">* c&rsquo;est rester \u00e0 ma place de <strong><mark style=\"background-color:rgba(0, 0, 0, 0)\" class=\"has-inline-color has-light-green-cyan-color\">biographe<\/mark><\/strong>, sp\u00e9cialiste de l&rsquo;\u00e9coute et de l&rsquo;\u00e9criture, ce n&rsquo;est pas pr\u00e9tendre pouvoir vous gu\u00e9rir, vous soigner.<\/p>\n\n\n\n<p class=\"has-text-align-right\">* pour vous donner un ordre d&rsquo;id\u00e9e, c&rsquo;est le nombre d&rsquo;entretiens qu&rsquo;il faudra pour aborder votre projet int\u00e9gralement et r\u00e9pondre \u00e0 votre demande (entre 5 et 15 d&rsquo;ordinaire).<\/p>\n\n\n\n<p class=\"has-text-align-right\">* c&rsquo;est vous accompagnez dans votre cheminement pour <strong><mark style=\"background-color:rgba(0, 0, 0, 0)\" class=\"has-inline-color has-light-green-cyan-color\">\u00e9crire<\/mark><\/strong> un <strong><mark style=\"background-color:rgba(0, 0, 0, 0)\" class=\"has-inline-color has-light-green-cyan-color\">livre<\/mark><\/strong> \u00e0 la hauteur de votre engagement!<\/p>\n<\/blockquote>\n","protected":false},"excerpt":{"rendered":"<p>Raconter votre histoire permet de poser des mots sur votre v\u00e9cu, vos \u00e9motions, vos souvenirs, pour s&rsquo;en lib\u00e9rer. Le livre d&rsquo;espoir devient un espace d&rsquo;expression et peut transformer ce qui p\u00e8se en un r\u00e9cit porteur de sens. Un Livre d&rsquo;Espoir : * c&rsquo;est un processus : c&rsquo;est prendre le temps de traiter le sujet de &hellip; <\/p>\n<p class=\"link-more\"><a href=\"https:\/\/biographe-provence.fr\/index.php\/livre-despoir\/\" class=\"more-link\">Continuer la lecture<span class=\"screen-reader-text\"> de &laquo;&nbsp;LIVRE D&rsquo;ESPOIR&nbsp;&raquo;<\/span><\/a><\/p>\n","protected":false},"author":1,"featured_media":0,"parent":0,"menu_order":0,"comment_status":"closed","ping_status":"closed","template":"","meta":{"footnotes":""},"class_list":["post-182","page","type-page","status-publish","hentry"],"_links":{"self":[{"href":"https:\/\/biographe-provence.fr\/index.php\/wp-json\/wp\/v2\/pages\/182","targetHints":{"allow":["GET"]}}],"collection":[{"href":"https:\/\/biographe-provence.fr\/index.php\/wp-json\/wp\/v2\/pages"}],"about":[{"href":"https:\/\/biographe-provence.fr\/index.php\/wp-json\/wp\/v2\/types\/page"}],"author":[{"embeddable":true,"href":"https:\/\/biographe-provence.fr\/index.php\/wp-json\/wp\/v2\/users\/1"}],"replies":[{"embeddable":true,"href":"https:\/\/biographe-provence.fr\/index.php\/wp-json\/wp\/v2\/comments?post=182"}],"version-history":[{"count":15,"href":"https:\/\/biographe-provence.fr\/index.php\/wp-json\/wp\/v2\/pages\/182\/revisions"}],"predecessor-version":[{"id":541,"href":"https:\/\/biographe-provence.fr\/index.php\/wp-json\/wp\/v2\/pages\/182\/revisions\/541"}],"wp:attachment":[{"href":"https:\/\/biographe-provence.fr\/index.php\/wp-json\/wp\/v2\/media?parent=182"}],"curies":[{"name":"wp","href":"https:\/\/api.w.org\/{rel}","templated":true}]}}