{"id":180,"date":"2025-09-19T08:58:42","date_gmt":"2025-09-19T08:58:42","guid":{"rendered":"http:\/\/biographe-provence.fr\/?page_id=180"},"modified":"2026-03-06T10:17:05","modified_gmt":"2026-03-06T10:17:05","slug":"biographie-familiale","status":"publish","type":"page","link":"https:\/\/biographe-provence.fr\/index.php\/biographie-familiale\/","title":{"rendered":"BIOGRAPHIE FAMILIALE"},"content":{"rendered":"\n<figure class=\"wp-block-image size-large\"><img loading=\"lazy\" decoding=\"async\" width=\"1024\" height=\"683\" src=\"http:\/\/biographe-provence.fr\/wp-content\/uploads\/2025\/09\/coffee-2306471_1280-4-1024x683.jpg\" alt=\"\" class=\"wp-image-316\" srcset=\"https:\/\/biographe-provence.fr\/wp-content\/uploads\/2025\/09\/coffee-2306471_1280-4-1024x683.jpg 1024w, https:\/\/biographe-provence.fr\/wp-content\/uploads\/2025\/09\/coffee-2306471_1280-4-300x200.jpg 300w, https:\/\/biographe-provence.fr\/wp-content\/uploads\/2025\/09\/coffee-2306471_1280-4-768x512.jpg 768w, https:\/\/biographe-provence.fr\/wp-content\/uploads\/2025\/09\/coffee-2306471_1280-4.jpg 1280w\" sizes=\"auto, (max-width: 767px) 89vw, (max-width: 1000px) 54vw, (max-width: 1071px) 543px, 580px\" \/><\/figure>\n\n\n\n<p class=\"has-text-align-center\">Chaque homme, chaque femme, chaque enfant, poss\u00e8de son <strong><mark style=\"background-color:rgba(0, 0, 0, 0)\" class=\"has-inline-color has-light-green-cyan-color\">histoire<\/mark><\/strong>, faite de rencontres, de <strong><mark style=\"background-color:rgba(0, 0, 0, 0)\" class=\"has-inline-color has-light-green-cyan-color\">souvenirs<\/mark><\/strong>, de joies, d&rsquo;\u00e9preuves\u2026 Chacune d&rsquo;elles cultive un jardin secret, m\u00e9connu des g\u00e9n\u00e9rations suivantes et de leurs proches. Et le temps d\u00e9file tel un homme press\u00e9, si vite que les souvenirs peuvent se perdre.<\/p>\n\n\n\n<p class=\"has-text-align-center\">Je vous propose de les rattraper avant qu&rsquo;ils ne s&rsquo;effacent, pour cr\u00e9er votre <strong><mark style=\"background-color:rgba(0, 0, 0, 0)\" class=\"has-inline-color has-light-green-cyan-color\">biographie<\/mark><\/strong>. Nous rassemblerons vos souvenirs, et ceux de vos a\u00een\u00e9s si vous le souhaitez, dans un <strong><mark style=\"background-color:rgba(0, 0, 0, 0)\" class=\"has-inline-color has-light-green-cyan-color\">livre<\/mark><\/strong> unique qui retrace votre histoire. Et celle de votre <strong><mark style=\"background-color:rgba(0, 0, 0, 0)\" class=\"has-inline-color has-light-green-cyan-color\">famille<\/mark><\/strong> \u00e0 travers les g\u00e9n\u00e9rations si c&rsquo;est votre souhait.<\/p>\n\n\n\n<ul class=\"wp-block-list\">\n<li>Pour pr\u00e9server la <strong><mark style=\"background-color:rgba(0, 0, 0, 0)\" class=\"has-inline-color has-light-green-cyan-color\">m\u00e9moire<\/mark><\/strong><\/li>\n\n\n\n<li><strong><mark style=\"background-color:rgba(0, 0, 0, 0)\" class=\"has-inline-color has-light-green-cyan-color\">Transmettre<\/mark><\/strong> un h\u00e9ritage<\/li>\n\n\n\n<li>Offrir un cadeau simple, unique, extraordinaire qui traversera le temps<\/li>\n<\/ul>\n\n\n\n<blockquote class=\"wp-block-quote is-layout-flow wp-block-quote-is-layout-flow\">\n<p><\/p>\n\n\n\n<p class=\"has-text-align-right\">Un <strong><mark style=\"background-color:rgba(0, 0, 0, 0)\" class=\"has-inline-color has-light-green-cyan-color\">Livre de Vie<\/mark><\/strong>,<\/p>\n\n\n\n<p class=\"has-text-align-right\">* c&rsquo;est un processus : je vous remets mes <strong><mark style=\"background-color:rgba(0, 0, 0, 0)\" class=\"has-inline-color has-light-green-cyan-color\">\u00e9crits<\/mark><\/strong> entre chaque entretien pour construire le r\u00e9cit au fur et \u00e0 mesure.<\/p>\n\n\n\n<p class=\"has-text-align-right\">* c&rsquo;est un <strong><mark style=\"background-color:rgba(0, 0, 0, 0)\" class=\"has-inline-color has-light-green-cyan-color\">livre<\/mark><\/strong> \u00e9crit ensemble pour r\u00e9pondre \u00e0 vos attentes, vous gardez le contr\u00f4le.<\/p>\n\n\n\n<p class=\"has-text-align-right\">* pour vous donner un ordre d&rsquo;id\u00e9e, c&rsquo;est entre 10 et 20 s\u00e9ances.<\/p>\n<\/blockquote>\n\n\n\n<blockquote class=\"wp-block-quote is-layout-flow wp-block-quote-is-layout-flow\">\n<blockquote class=\"wp-block-quote is-layout-flow wp-block-quote-is-layout-flow\">\n<blockquote class=\"wp-block-quote is-layout-flow wp-block-quote-is-layout-flow\">\n<blockquote class=\"wp-block-quote is-layout-flow wp-block-quote-is-layout-flow\">\n<blockquote class=\"wp-block-quote is-layout-flow wp-block-quote-is-layout-flow\"><\/blockquote>\n<\/blockquote>\n<\/blockquote>\n<\/blockquote>\n<\/blockquote>\n","protected":false},"excerpt":{"rendered":"<p>Chaque homme, chaque femme, chaque enfant, poss\u00e8de son histoire, faite de rencontres, de souvenirs, de joies, d&rsquo;\u00e9preuves\u2026 Chacune d&rsquo;elles cultive un jardin secret, m\u00e9connu des g\u00e9n\u00e9rations suivantes et de leurs proches. Et le temps d\u00e9file tel un homme press\u00e9, si vite que les souvenirs peuvent se perdre. Je vous propose de les rattraper avant qu&rsquo;ils &hellip; <\/p>\n<p class=\"link-more\"><a href=\"https:\/\/biographe-provence.fr\/index.php\/biographie-familiale\/\" class=\"more-link\">Continuer la lecture<span class=\"screen-reader-text\"> de &laquo;&nbsp;BIOGRAPHIE FAMILIALE&nbsp;&raquo;<\/span><\/a><\/p>\n","protected":false},"author":1,"featured_media":0,"parent":0,"menu_order":0,"comment_status":"closed","ping_status":"closed","template":"","meta":{"footnotes":""},"class_list":["post-180","page","type-page","status-publish","hentry"],"_links":{"self":[{"href":"https:\/\/biographe-provence.fr\/index.php\/wp-json\/wp\/v2\/pages\/180","targetHints":{"allow":["GET"]}}],"collection":[{"href":"https:\/\/biographe-provence.fr\/index.php\/wp-json\/wp\/v2\/pages"}],"about":[{"href":"https:\/\/biographe-provence.fr\/index.php\/wp-json\/wp\/v2\/types\/page"}],"author":[{"embeddable":true,"href":"https:\/\/biographe-provence.fr\/index.php\/wp-json\/wp\/v2\/users\/1"}],"replies":[{"embeddable":true,"href":"https:\/\/biographe-provence.fr\/index.php\/wp-json\/wp\/v2\/comments?post=180"}],"version-history":[{"count":17,"href":"https:\/\/biographe-provence.fr\/index.php\/wp-json\/wp\/v2\/pages\/180\/revisions"}],"predecessor-version":[{"id":578,"href":"https:\/\/biographe-provence.fr\/index.php\/wp-json\/wp\/v2\/pages\/180\/revisions\/578"}],"wp:attachment":[{"href":"https:\/\/biographe-provence.fr\/index.php\/wp-json\/wp\/v2\/media?parent=180"}],"curies":[{"name":"wp","href":"https:\/\/api.w.org\/{rel}","templated":true}]}}