{"id":142,"date":"2025-09-18T12:46:08","date_gmt":"2025-09-18T12:46:08","guid":{"rendered":"http:\/\/biographe-provence.fr\/?page_id=142"},"modified":"2025-12-01T15:14:08","modified_gmt":"2025-12-01T15:14:08","slug":"qui-suis-je","status":"publish","type":"page","link":"https:\/\/biographe-provence.fr\/index.php\/qui-suis-je\/","title":{"rendered":"QUI SUIS-JE ?"},"content":{"rendered":"\n<div class=\"wp-block-media-text is-stacked-on-mobile\"><figure class=\"wp-block-media-text__media\"><img loading=\"lazy\" decoding=\"async\" width=\"1024\" height=\"512\" src=\"http:\/\/biographe-provence.fr\/wp-content\/uploads\/2025\/09\/alpilles-provence-amouton-1920x960-1-1024x512.jpg\" alt=\"\" class=\"wp-image-320 size-full\" srcset=\"https:\/\/biographe-provence.fr\/wp-content\/uploads\/2025\/09\/alpilles-provence-amouton-1920x960-1-1024x512.jpg 1024w, https:\/\/biographe-provence.fr\/wp-content\/uploads\/2025\/09\/alpilles-provence-amouton-1920x960-1-300x150.jpg 300w, https:\/\/biographe-provence.fr\/wp-content\/uploads\/2025\/09\/alpilles-provence-amouton-1920x960-1-768x384.jpg 768w, https:\/\/biographe-provence.fr\/wp-content\/uploads\/2025\/09\/alpilles-provence-amouton-1920x960-1-1536x768.jpg 1536w, https:\/\/biographe-provence.fr\/wp-content\/uploads\/2025\/09\/alpilles-provence-amouton-1920x960-1.jpg 1920w\" sizes=\"auto, (max-width: 767px) 89vw, (max-width: 1000px) 54vw, (max-width: 1071px) 543px, 580px\" \/><\/figure><div class=\"wp-block-media-text__content\">\n<p><\/p>\n\n\n\n<p class=\"has-text-align-center\">Je suis <strong>Julie Bruna<\/strong>, <strong><mark style=\"background-color:rgba(0, 0, 0, 0)\" class=\"has-inline-color has-vivid-green-cyan-color\">\u00e9crivain<\/mark><mark style=\"background-color:rgba(0, 0, 0, 0)\" class=\"has-inline-color has-luminous-vivid-amber-color\"> biographe<\/mark><\/strong>, en <strong><mark style=\"background-color:rgba(0, 0, 0, 0)\" class=\"has-inline-color has-luminous-vivid-amber-color\">Provence<\/mark><\/strong>, plus pr\u00e9cis\u00e9ment dans les Alpilles, dans le d\u00e9partement des Bouches-du-Rh\u00f4ne.<\/p>\n\n\n\n<p class=\"has-text-align-center\">J&rsquo;interviens pr\u00e8s de chez moi, dans un rayon de 50 kilom\u00e8tres. N\u00e9anmoins, la distance ne constitue pas un frein \u00e0 notre collaboration.<\/p>\n\n\n\n<p class=\"has-text-align-center\">Je suis de ceux qui pensent que les nouvelles technologies ouvrent le champ des possibilit\u00e9s.<\/p>\n<\/div><\/div>\n\n\n\n<div class=\"wp-block-media-text has-media-on-the-right is-stacked-on-mobile\"><div class=\"wp-block-media-text__content\">\n<p class=\"has-text-align-center\">J\u2019ai cr\u00e9e\u0301 <em><mark style=\"background-color:rgba(0, 0, 0, 0)\" class=\"has-inline-color has-vivid-green-cyan-color\"><strong>L\u2019Ombre Plume<\/strong><\/mark>, <\/em>pour <strong><mark style=\"background-color:rgba(0, 0, 0, 0)\" class=\"has-inline-color has-luminous-vivid-amber-color\">\u00e9crire<\/mark><\/strong> vos <strong><mark style=\"background-color:rgba(0, 0, 0, 0)\" class=\"has-inline-color has-vivid-green-cyan-color\">histoires<\/mark> <\/strong>avec discr\u00e9tion, force et po\u00e9sie. Tel un orf\u00e8vre des <strong><mark style=\"background-color:rgba(0, 0, 0, 0)\" class=\"has-inline-color has-luminous-vivid-amber-color\">souvenirs<\/mark><\/strong> je donne vie \u00e0 votre <strong><mark style=\"background-color:rgba(0, 0, 0, 0)\" class=\"has-inline-color has-vivid-green-cyan-color\">r\u00e9cit<\/mark><\/strong>, sans chercher la lumi\u00e8re, afin de le rendre vivant, au plus pr\u00e8s de ce que vous \u00eates.<\/p>\n<\/div><figure class=\"wp-block-media-text__media\"><img loading=\"lazy\" decoding=\"async\" width=\"1024\" height=\"682\" src=\"http:\/\/biographe-provence.fr\/wp-content\/uploads\/2025\/09\/calligraphy-7188024_1280-1-1024x682.jpg\" alt=\"\" class=\"wp-image-318 size-full\" srcset=\"https:\/\/biographe-provence.fr\/wp-content\/uploads\/2025\/09\/calligraphy-7188024_1280-1-1024x682.jpg 1024w, https:\/\/biographe-provence.fr\/wp-content\/uploads\/2025\/09\/calligraphy-7188024_1280-1-300x200.jpg 300w, https:\/\/biographe-provence.fr\/wp-content\/uploads\/2025\/09\/calligraphy-7188024_1280-1-768x512.jpg 768w, https:\/\/biographe-provence.fr\/wp-content\/uploads\/2025\/09\/calligraphy-7188024_1280-1.jpg 1280w\" sizes=\"auto, (max-width: 767px) 89vw, (max-width: 1000px) 54vw, (max-width: 1071px) 543px, 580px\" \/><\/figure><\/div>\n\n\n\n<p><\/p>\n\n\n\n<p><em>Mais comment en suis-je arriv\u00e9e l\u00e0 ?&nbsp;<\/em>&nbsp;<\/p>\n\n\n\n<p><\/p>\n\n\n\n<p><mark style=\"background-color:rgba(0, 0, 0, 0)\" class=\"has-inline-color has-vivid-green-cyan-color\"><strong>Amour, amiti\u00e9, famille<\/strong>&nbsp;<\/mark><\/p>\n\n\n\n<div class=\"wp-block-media-text is-stacked-on-mobile\"><figure class=\"wp-block-media-text__media\"><img loading=\"lazy\" decoding=\"async\" width=\"1024\" height=\"576\" src=\"http:\/\/biographe-provence.fr\/wp-content\/uploads\/2025\/09\/provence-4798070_1280-1-1024x576.jpg\" alt=\"\" class=\"wp-image-325 size-full\" srcset=\"https:\/\/biographe-provence.fr\/wp-content\/uploads\/2025\/09\/provence-4798070_1280-1-1024x576.jpg 1024w, https:\/\/biographe-provence.fr\/wp-content\/uploads\/2025\/09\/provence-4798070_1280-1-300x169.jpg 300w, https:\/\/biographe-provence.fr\/wp-content\/uploads\/2025\/09\/provence-4798070_1280-1-768x432.jpg 768w, https:\/\/biographe-provence.fr\/wp-content\/uploads\/2025\/09\/provence-4798070_1280-1.jpg 1280w\" sizes=\"auto, (max-width: 767px) 89vw, (max-width: 1000px) 54vw, (max-width: 1071px) 543px, 580px\" \/><\/figure><div class=\"wp-block-media-text__content\">\n<p class=\"has-text-align-center\">Elev\u00e9e \u00e0 l\u2019ombre des pins et au son des cigales, dans les Bouches du Rh\u00f4ne, je suis l\u2019a\u00een\u00e9e d\u2019une fratrie de trois filles. Ma <strong><mark style=\"background-color:rgba(0, 0, 0, 0)\" class=\"has-inline-color has-luminous-vivid-amber-color\">famille<\/mark> <\/strong>parle fort et fait du bruit. Elle donne beaucoup.<\/p>\n<\/div><\/div>\n\n\n\n<p>&nbsp;&nbsp;<\/p>\n\n\n\n<div class=\"wp-block-media-text has-media-on-the-right is-stacked-on-mobile\"><div class=\"wp-block-media-text__content\">\n<p class=\"has-text-align-center\">Les <strong><mark style=\"background-color:rgba(0, 0, 0, 0)\" class=\"has-inline-color has-vivid-green-cyan-color\">rencontres<\/mark> <\/strong>de ma vie m\u2019ont ouvert des horizons si diff\u00e9rents les uns des autres, que j\u2019ai l\u2019impression d\u2019avoir parcouru le monde en restant pr\u00e8s de chez moi. L\u2019amitie\u0301 et l\u2019amour constituent les piliers de mon existence, faisant nai\u0302tre une nouvelle <strong><mark style=\"background-color:rgba(0, 0, 0, 0)\" class=\"has-inline-color has-luminous-vivid-amber-color\">famille<\/mark><\/strong>, celle que je choisis.<\/p>\n<\/div><figure class=\"wp-block-media-text__media\"><img loading=\"lazy\" decoding=\"async\" width=\"800\" height=\"550\" src=\"http:\/\/biographe-provence.fr\/wp-content\/uploads\/2025\/09\/groupe-de-personnes-41401601-1.webp\" alt=\"\" class=\"wp-image-327 size-full\" srcset=\"https:\/\/biographe-provence.fr\/wp-content\/uploads\/2025\/09\/groupe-de-personnes-41401601-1.webp 800w, https:\/\/biographe-provence.fr\/wp-content\/uploads\/2025\/09\/groupe-de-personnes-41401601-1-300x206.webp 300w, https:\/\/biographe-provence.fr\/wp-content\/uploads\/2025\/09\/groupe-de-personnes-41401601-1-768x528.webp 768w\" sizes=\"auto, (max-width: 767px) 89vw, (max-width: 1000px) 54vw, (max-width: 1071px) 543px, 580px\" \/><\/figure><\/div>\n\n\n\n<p class=\"has-text-align-center\">Pour que vous me rencontriez, pour de vrai, je peux aussi \u00e9voquer le bonheur simple que me procure une balade dans mes collines, ou bien les folles aventures de la maternite\u0301 avec son lot de d\u00e9fis, de victoires et de doutes, ou encore la parentalite\u0301 qui me fait grandir chaque jour et enfin l\u2019amour qui me nourrit depuis toujours et pour toujours&#8230;&nbsp;&nbsp;<\/p>\n\n\n\n<p><\/p>\n\n\n\n<p><\/p>\n\n\n\n<p><mark style=\"background-color:rgba(0, 0, 0, 0)\" class=\"has-inline-color has-vivid-green-cyan-color\"><strong>Educatrice sp\u00e9cialis\u00e9e\u202f: \u00e9couter, accompagner, aider<\/strong>&nbsp;<\/mark><\/p>\n\n\n\n<div class=\"wp-block-media-text is-stacked-on-mobile\"><figure class=\"wp-block-media-text__media\"><img loading=\"lazy\" decoding=\"async\" width=\"900\" height=\"900\" src=\"http:\/\/biographe-provence.fr\/wp-content\/uploads\/2025\/09\/arbre-educ.jpg\" alt=\"\" class=\"wp-image-330 size-full\" srcset=\"https:\/\/biographe-provence.fr\/wp-content\/uploads\/2025\/09\/arbre-educ.jpg 900w, https:\/\/biographe-provence.fr\/wp-content\/uploads\/2025\/09\/arbre-educ-300x300.jpg 300w, https:\/\/biographe-provence.fr\/wp-content\/uploads\/2025\/09\/arbre-educ-150x150.jpg 150w, https:\/\/biographe-provence.fr\/wp-content\/uploads\/2025\/09\/arbre-educ-768x768.jpg 768w, https:\/\/biographe-provence.fr\/wp-content\/uploads\/2025\/09\/arbre-educ-100x100.jpg 100w\" sizes=\"auto, (max-width: 767px) 89vw, (max-width: 1000px) 54vw, (max-width: 1071px) 543px, 580px\" \/><\/figure><div class=\"wp-block-media-text__content\">\n<p class=\"has-text-align-center\">Au lyc\u00e9e, je d\u00e9couvre le m\u00e9tier d\u2019\u00e9ducatrice sp\u00e9cialis\u00e9e, il devient rapidement une \u00e9vidence et m\u2019appelle. Pendant pr\u00e8s de vingt ans, j\u2019ai arpent\u00e9 les couloirs de la \u201cprotection de l\u2019enfance\u201d pour porter l\u2019espoir d\u2019une possibilite\u0301 pour des <strong><mark style=\"background-color:rgba(0, 0, 0, 0)\" class=\"has-inline-color has-luminous-vivid-amber-color\">familles<\/mark><mark style=\"background-color:rgba(0, 0, 0, 0)\" class=\"has-inline-color has-black-color\"> <\/mark><\/strong>et des enfants en souffrance. <mark style=\"background-color:rgba(0, 0, 0, 0)\" class=\"has-inline-color has-black-color\">&nbsp;<\/mark><\/p>\n<\/div><\/div>\n\n\n\n<p class=\"has-text-align-center\">J&rsquo;ai fait des <strong><mark style=\"background-color:rgba(0, 0, 0, 0)\" class=\"has-inline-color has-vivid-green-cyan-color\">rencontres<\/mark> <\/strong>extraordinaires. J\u2019ai \u201cbricol\u00e9\u201d avec mes coll\u00e8gues, pour un avenir plus su\u0302r pour chacun de ces enfants. Ensemble, nous avons, au gr\u00e9 des rencontres, tenu un cap et <strong><mark style=\"background-color:rgba(0, 0, 0, 0)\" class=\"has-inline-color has-luminous-vivid-amber-color\">semer<\/mark><\/strong> des graines, <strong><mark style=\"background-color:rgba(0, 0, 0, 0)\" class=\"has-inline-color has-vivid-green-cyan-color\">transmis<\/mark> <\/strong>des cl\u00e9s, ouvrant les portes du <strong><mark style=\"background-color:rgba(0, 0, 0, 0)\" class=\"has-inline-color has-luminous-vivid-amber-color\">champ des possibles<\/mark><\/strong>. Confront\u00e9e aux limites d\u2019un syst\u00e8me malmene\u0301, je me suis essouffl\u00e9e et j\u2019ai pris le large.<\/p>\n\n\n\n<p><\/p>\n\n\n\n<p><mark style=\"background-color:rgba(0, 0, 0, 0)\" class=\"has-inline-color has-vivid-green-cyan-color\"><strong>L\u2019appel de la biographie<\/strong>&nbsp;<\/mark><\/p>\n\n\n\n<p>A la recherche de sens et de nouvelles perspectives, l\u2019<strong><mark style=\"background-color:rgba(0, 0, 0, 0)\" class=\"has-inline-color has-luminous-vivid-amber-color\">\u00e9criture<\/mark> <\/strong>se rappelle \u00e0 moi, comme un lointain souvenir.<\/p>\n\n\n\n<div class=\"wp-block-media-text has-media-on-the-right is-stacked-on-mobile\"><div class=\"wp-block-media-text__content\">\n<p class=\"has-text-align-center\"> La force des <strong><mark style=\"background-color:rgba(0, 0, 0, 0)\" class=\"has-inline-color has-vivid-green-cyan-color\">mots<\/mark> <\/strong>a toujours r\u00e9sonne\u0301 en moi, mais vivre de l<strong>\u2019<mark style=\"background-color:rgba(0, 0, 0, 0)\" class=\"has-inline-color has-luminous-vivid-amber-color\">\u00e9criture<\/mark> <\/strong>ressemblait a\u0300 un vieux re\u0302ve, un peu fou. Et puis un matin \u00e0 l\u2019\u00e9coute d\u2019un podcast, un sentiment \u00e9trange s&rsquo;\u00e9veille en moi, il brille de plus en plus fort, comme si je ne pouvais y \u00e9chapper et r\u00e9sonne comme une nouvelle \u00e9vidence.&nbsp;&nbsp;<\/p>\n\n\n\n<p><\/p>\n<\/div><figure class=\"wp-block-media-text__media\"><img loading=\"lazy\" decoding=\"async\" width=\"1024\" height=\"817\" src=\"http:\/\/biographe-provence.fr\/wp-content\/uploads\/2025\/09\/book-4806076_1280-1-1024x817.jpg\" alt=\"\" class=\"wp-image-331 size-full\" srcset=\"https:\/\/biographe-provence.fr\/wp-content\/uploads\/2025\/09\/book-4806076_1280-1-1024x817.jpg 1024w, https:\/\/biographe-provence.fr\/wp-content\/uploads\/2025\/09\/book-4806076_1280-1-300x239.jpg 300w, https:\/\/biographe-provence.fr\/wp-content\/uploads\/2025\/09\/book-4806076_1280-1-768x613.jpg 768w, https:\/\/biographe-provence.fr\/wp-content\/uploads\/2025\/09\/book-4806076_1280-1.jpg 1280w\" sizes=\"auto, (max-width: 767px) 89vw, (max-width: 1000px) 54vw, (max-width: 1071px) 543px, 580px\" \/><\/figure><\/div>\n\n\n\n<p>Le <strong><mark style=\"background-color:rgba(0, 0, 0, 0)\" class=\"has-inline-color has-vivid-green-cyan-color\">r\u00e9cit de vie<\/mark><\/strong>, la <strong><mark style=\"background-color:rgba(0, 0, 0, 0)\" class=\"has-inline-color has-luminous-vivid-amber-color\">biographie<\/mark><\/strong>, aider les autres \u00e0 se <strong><mark style=\"background-color:rgba(0, 0, 0, 0)\" class=\"has-inline-color has-vivid-green-cyan-color\">raconter<\/mark><\/strong>, \u00e0 <strong><mark style=\"background-color:rgba(0, 0, 0, 0)\" class=\"has-inline-color has-luminous-vivid-amber-color\">\u00e9crire<\/mark><mark style=\"background-color:rgba(0, 0, 0, 0)\" class=\"has-inline-color has-black-color\"> <\/mark><\/strong>leurs<mark style=\"background-color:rgba(0, 0, 0, 0)\" class=\"has-inline-color has-vivid-green-cyan-color\"> <strong>histoires<\/strong><\/mark>. Je l\u2019ai d\u00e9ja\u0300 exp\u00e9rimente\u0301 tant de fois, malgre\u0301 moi. Je d\u00e9cide, d\u00e9sormais, d\u2019en faire un choix : dans chaque vie peut na\u00eetre un <strong><mark style=\"background-color:rgba(0, 0, 0, 0)\" class=\"has-inline-color has-luminous-vivid-amber-color\">r\u00e9cit<\/mark> <\/strong>capable de laisser une <strong><mark style=\"background-color:rgba(0, 0, 0, 0)\" class=\"has-inline-color has-vivid-green-cyan-color\">trace<\/mark> <\/strong>dans le c\u0153ur de l\u2019autre.<\/p>\n\n\n\n<p class=\"has-text-align-right\">Convaincue du pouvoir th\u00e9rapeutique des <strong><mark style=\"background-color:rgba(0, 0, 0, 0)\" class=\"has-inline-color has-luminous-vivid-amber-color\">mots<\/mark> <\/strong>et des <strong><mark style=\"background-color:rgba(0, 0, 0, 0)\" class=\"has-inline-color has-vivid-green-cyan-color\">histoires<\/mark><\/strong>, j\u2019<strong><mark style=\"background-color:rgba(0, 0, 0, 0)\" class=\"has-inline-color has-luminous-vivid-amber-color\">\u00e9cris<\/mark><\/strong> depuis, pour les a\u0302mes dont le chemin croise le <a href=\"http:\/\/biographe-provence.fr\/index.php\/me-contacter\/\" data-type=\"page\" data-id=\"295\">mien<\/a>.\u00a0\u00a0<\/p>\n\n\n\n<div class=\"wp-block-media-text is-stacked-on-mobile\"><figure class=\"wp-block-media-text__media\"><img loading=\"lazy\" decoding=\"async\" width=\"1024\" height=\"724\" src=\"https:\/\/biographe-provence.fr\/wp-content\/uploads\/2025\/12\/Certificat-biographe-Julie-3-1024x724.png\" alt=\"\" class=\"wp-image-571 size-full\" srcset=\"https:\/\/biographe-provence.fr\/wp-content\/uploads\/2025\/12\/Certificat-biographe-Julie-3-1024x724.png 1024w, https:\/\/biographe-provence.fr\/wp-content\/uploads\/2025\/12\/Certificat-biographe-Julie-3-300x212.png 300w, https:\/\/biographe-provence.fr\/wp-content\/uploads\/2025\/12\/Certificat-biographe-Julie-3-768x543.png 768w, https:\/\/biographe-provence.fr\/wp-content\/uploads\/2025\/12\/Certificat-biographe-Julie-3-1536x1086.png 1536w, https:\/\/biographe-provence.fr\/wp-content\/uploads\/2025\/12\/Certificat-biographe-Julie-3-2048x1449.png 2048w\" sizes=\"auto, (max-width: 767px) 89vw, (max-width: 1000px) 54vw, (max-width: 1071px) 543px, 580px\" \/><\/figure><div class=\"wp-block-media-text__content\">\n<p class=\"has-text-align-center\">Pour apprendre le m\u00e9tier de <strong><mark style=\"background-color:rgba(0, 0, 0, 0)\" class=\"has-inline-color has-vivid-green-cyan-color\">biographe<\/mark><\/strong>, d\u00e9velopper mon savoir-faire et gagner en assurance, j&rsquo;ai suivi la formation d&rsquo;Anne-Sylvie.<\/p>\n<\/div><\/div>\n\n\n\n<p><\/p>\n","protected":false},"excerpt":{"rendered":"<p>Je suis Julie Bruna, \u00e9crivain biographe, en Provence, plus pr\u00e9cis\u00e9ment dans les Alpilles, dans le d\u00e9partement des Bouches-du-Rh\u00f4ne. J&rsquo;interviens pr\u00e8s de chez moi, dans un rayon de 50 kilom\u00e8tres. N\u00e9anmoins, la distance ne constitue pas un frein \u00e0 notre collaboration. Je suis de ceux qui pensent que les nouvelles technologies ouvrent le champ des possibilit\u00e9s. &hellip; <\/p>\n<p class=\"link-more\"><a href=\"https:\/\/biographe-provence.fr\/index.php\/qui-suis-je\/\" class=\"more-link\">Continuer la lecture<span class=\"screen-reader-text\"> de &laquo;&nbsp;QUI SUIS-JE ?&nbsp;&raquo;<\/span><\/a><\/p>\n","protected":false},"author":1,"featured_media":0,"parent":0,"menu_order":0,"comment_status":"closed","ping_status":"closed","template":"","meta":{"footnotes":""},"class_list":["post-142","page","type-page","status-publish","hentry"],"_links":{"self":[{"href":"https:\/\/biographe-provence.fr\/index.php\/wp-json\/wp\/v2\/pages\/142","targetHints":{"allow":["GET"]}}],"collection":[{"href":"https:\/\/biographe-provence.fr\/index.php\/wp-json\/wp\/v2\/pages"}],"about":[{"href":"https:\/\/biographe-provence.fr\/index.php\/wp-json\/wp\/v2\/types\/page"}],"author":[{"embeddable":true,"href":"https:\/\/biographe-provence.fr\/index.php\/wp-json\/wp\/v2\/users\/1"}],"replies":[{"embeddable":true,"href":"https:\/\/biographe-provence.fr\/index.php\/wp-json\/wp\/v2\/comments?post=142"}],"version-history":[{"count":24,"href":"https:\/\/biographe-provence.fr\/index.php\/wp-json\/wp\/v2\/pages\/142\/revisions"}],"predecessor-version":[{"id":574,"href":"https:\/\/biographe-provence.fr\/index.php\/wp-json\/wp\/v2\/pages\/142\/revisions\/574"}],"wp:attachment":[{"href":"https:\/\/biographe-provence.fr\/index.php\/wp-json\/wp\/v2\/media?parent=142"}],"curies":[{"name":"wp","href":"https:\/\/api.w.org\/{rel}","templated":true}]}}